{"id":119,"date":"2023-03-13T05:40:52","date_gmt":"2023-03-13T05:40:52","guid":{"rendered":"https:\/\/casabanchero.com\/tudor\/tienda\/watches\/tudor-black-bay-gmt\/"},"modified":"2026-04-20T17:50:44","modified_gmt":"2026-04-20T23:50:44","slug":"m79830rb-0001","status":"publish","type":"product","link":"https:\/\/casabanchero.com\/tudor\/tienda\/watches\/m79830rb-0001\/","title":{"rendered":"TUDOR Black Bay GMT"},"content":{"rendered":"<div class=\"row\"  id=\"row-378196486\">\n\n\t<div id=\"col-1993469216\" class=\"col medium-12 small-12 large-6\"  >\n\t\t\t\t<div class=\"col-inner\"  >\n\t\t\t\n\t\t\t\n<p class=\"uppercase mb-2\"><strong>TUDOR Black Bay GMT<\/strong><\/p>\n<p class=\"description-tudor-section-two\">REF: M79830RB-0001<\/p>\n\t<div id=\"gap-598031454\" class=\"gap-element clearfix\" style=\"display:block; height:auto;\">\n\t\t\n<style>\n#gap-598031454 {\n  padding-top: 20px;\n}\n<\/style>\n\t<\/div>\n\t\n<p class=\"uppercase mb-2\"><strong>Funciones<\/strong><\/p>\n<p class=\"description-tudor-section-two\">Tudor Caja de acero de 41 mm, Brazalete de acero, Caja de acero 41 mm, acabado pulido y satinado, Bisel giratorio bidireccional de acero con 48 muescas, disco de aluminio anodizado en azul mate y burdeos mate, graduado con 24 horas, Calibre de Manufactura MT5652 (COSC) Movimiento mec\u00e1nico de cuerda autom\u00e1tica con rotor bidireccional Ingenier\u00eda exclusiva, Negra, abombada, Corona a rosca de acero, con la rosa de TUDOR en relieve, con tubo de corona de acero satinado circular, Cristal de zafiro abombado, Herm\u00e9tico hasta 200 m, Brazalete de acero con remaches, acabado pulido y satinado, con cierre desplegable y cierre de seguridad<\/p>\n\t<div id=\"gap-100360846\" class=\"gap-element clearfix\" style=\"display:block; height:auto;\">\n\t\t\n<style>\n#gap-100360846 {\n  padding-top: 10px;\n}\n<\/style>\n\t<\/div>\n\t\n<div class=\"text-center\"><div class=\"is-divider divider clearfix\" style=\"max-width:100%;height:7px;\"><\/div><\/div>\n\t<div id=\"gap-194640585\" class=\"gap-element clearfix\" style=\"display:block; height:auto;\">\n\t\t\n<style>\n#gap-194640585 {\n  padding-top: 10px;\n}\n<\/style>\n\t<\/div>\n\t\n<div class=\"row row-small divisor-caracteristicas\"  id=\"row-1671701516\">\n\n\t<div id=\"col-1748902621\" class=\"col py-2 medium-6 small-12 large-6\"  >\n\t\t\t\t<div class=\"col-inner\"  >\n\t\t\t\n\t\t\t\n\n\t\t<div class=\"icon-box featured-box icon-box-left text-left\"  >\n\t\t\t\t\t<div class=\"icon-box-img\" style=\"width: 30px\">\n\t\t\t\t<div class=\"icon\">\n\t\t\t\t\t<div class=\"icon-inner\" >\n\t\t\t\t\t\t<img loading=\"lazy\" decoding=\"async\" width=\"299\" height=\"300\" src=\"https:\/\/casabanchero.com\/tudor\/tienda\/wp-content\/uploads\/2023\/03\/icon-tudor_marca.png\" class=\"attachment-medium size-medium\" alt=\"\" srcset=\"https:\/\/casabanchero.com\/tudor\/tienda\/wp-content\/uploads\/2023\/03\/icon-tudor_marca.png 300w, https:\/\/casabanchero.com\/tudor\/tienda\/wp-content\/uploads\/2023\/03\/icon-tudor_marca-150x150.png 150w, https:\/\/casabanchero.com\/tudor\/tienda\/wp-content\/uploads\/2023\/03\/icon-tudor_marca-100x100.png 100w\" sizes=\"auto, (max-width: 299px) 100vw, 299px\" \/>\t\t\t\t\t<\/div>\n\t\t\t\t<\/div>\n\t\t\t<\/div>\n\t\t\t\t<div class=\"icon-box-text last-reset\">\n\t\t\t\t\t\t\t\t\t\n<p class=\"uppercase my-2 description-tudor-section-two\">marca: tudor<\/p>\n\t\t<\/div>\n\t<\/div>\n\t\n\t\n\t\t<\/div>\n\t\t\t\t\t<\/div>\n\n\t\n\n\t<div id=\"col-686831098\" class=\"col py-2 medium-6 small-12 large-6\"  >\n\t\t\t\t<div class=\"col-inner\"  >\n\t\t\t\n\t\t\t\n\n\t\t<div class=\"icon-box featured-box icon-box-left text-left\"  >\n\t\t\t\t\t<div class=\"icon-box-img\" style=\"width: 30px\">\n\t\t\t\t<div class=\"icon\">\n\t\t\t\t\t<div class=\"icon-inner\" >\n\t\t\t\t\t\t<img loading=\"lazy\" decoding=\"async\" width=\"300\" height=\"300\" src=\"https:\/\/casabanchero.com\/tudor\/tienda\/wp-content\/uploads\/2023\/03\/icon-tudor_coleccion-tudor.png\" class=\"attachment-medium size-medium\" alt=\"\" srcset=\"https:\/\/casabanchero.com\/tudor\/tienda\/wp-content\/uploads\/2023\/03\/icon-tudor_coleccion-tudor.png 301w, https:\/\/casabanchero.com\/tudor\/tienda\/wp-content\/uploads\/2023\/03\/icon-tudor_coleccion-tudor-150x150.png 150w, https:\/\/casabanchero.com\/tudor\/tienda\/wp-content\/uploads\/2023\/03\/icon-tudor_coleccion-tudor-100x100.png 100w\" sizes=\"auto, (max-width: 300px) 100vw, 300px\" \/>\t\t\t\t\t<\/div>\n\t\t\t\t<\/div>\n\t\t\t<\/div>\n\t\t\t\t<div class=\"icon-box-text last-reset\">\n\t\t\t\t\t\t\t\t\t\n<p class=\"uppercase my-2 description-tudor-section-two\">colecci\u00f3n: Black Bay GMT<\/p>\n\t\t<\/div>\n\t<\/div>\n\t\n\t\n\t\t<\/div>\n\t\t\t\t\t<\/div>\n\n\t\n<\/div>\n<div class=\"row row-small divisor-caracteristicas\"  id=\"row-1771064576\">\n\n\t<div id=\"col-1474136343\" class=\"col py-2 medium-6 small-12 large-6\"  >\n\t\t\t\t<div class=\"col-inner\"  >\n\t\t\t\n\t\t\t\n\n\t\t<div class=\"icon-box featured-box icon-box-left text-left\"  >\n\t\t\t\t\t<div class=\"icon-box-img\" style=\"width: 30px\">\n\t\t\t\t<div class=\"icon\">\n\t\t\t\t\t<div class=\"icon-inner\" >\n\t\t\t\t\t\t<img loading=\"lazy\" decoding=\"async\" width=\"299\" height=\"300\" src=\"https:\/\/casabanchero.com\/tudor\/tienda\/wp-content\/uploads\/2023\/03\/icon-tudor_diametro.png\" class=\"attachment-medium size-medium\" alt=\"\" srcset=\"https:\/\/casabanchero.com\/tudor\/tienda\/wp-content\/uploads\/2023\/03\/icon-tudor_diametro.png 300w, https:\/\/casabanchero.com\/tudor\/tienda\/wp-content\/uploads\/2023\/03\/icon-tudor_diametro-150x150.png 150w, https:\/\/casabanchero.com\/tudor\/tienda\/wp-content\/uploads\/2023\/03\/icon-tudor_diametro-100x100.png 100w\" sizes=\"auto, (max-width: 299px) 100vw, 299px\" \/>\t\t\t\t\t<\/div>\n\t\t\t\t<\/div>\n\t\t\t<\/div>\n\t\t\t\t<div class=\"icon-box-text last-reset\">\n\t\t\t\t\t\t\t\t\t\n<p class=\"uppercase my-2 description-tudor-section-two\">di\u00e1metro: 41 mm<\/p>\n\t\t<\/div>\n\t<\/div>\n\t\n\t\n\t\t<\/div>\n\t\t\t\t\t<\/div>\n\n\t\n\n\t<div id=\"col-1325531652\" class=\"col py-2 medium-6 small-12 large-6\"  >\n\t\t\t\t<div class=\"col-inner\"  >\n\t\t\t\n\t\t\t\n\n\t\t<div class=\"icon-box featured-box icon-box-left text-left\"  >\n\t\t\t\t\t<div class=\"icon-box-img\" style=\"width: 30px\">\n\t\t\t\t<div class=\"icon\">\n\t\t\t\t\t<div class=\"icon-inner\" >\n\t\t\t\t\t\t<img loading=\"lazy\" decoding=\"async\" width=\"299\" height=\"300\" src=\"https:\/\/casabanchero.com\/tudor\/tienda\/wp-content\/uploads\/2023\/03\/icon-tudor_movimiento.png\" class=\"attachment-medium size-medium\" alt=\"\" srcset=\"https:\/\/casabanchero.com\/tudor\/tienda\/wp-content\/uploads\/2023\/03\/icon-tudor_movimiento.png 300w, https:\/\/casabanchero.com\/tudor\/tienda\/wp-content\/uploads\/2023\/03\/icon-tudor_movimiento-150x150.png 150w, https:\/\/casabanchero.com\/tudor\/tienda\/wp-content\/uploads\/2023\/03\/icon-tudor_movimiento-100x100.png 100w\" sizes=\"auto, (max-width: 299px) 100vw, 299px\" \/>\t\t\t\t\t<\/div>\n\t\t\t\t<\/div>\n\t\t\t<\/div>\n\t\t\t\t<div class=\"icon-box-text last-reset\">\n\t\t\t\t\t\t\t\t\t\n<p class=\"uppercase my-2 description-tudor-section-two\">movimiento: Calibre de Manufactura MT5652 (COSC) Movimiento mec\u00e1nico de cuerda autom\u00e1tica con rotor bidireccional Ingenier\u00eda exclusivaHerm\u00e9tico hasta 200 m<\/p>\n\t\t<\/div>\n\t<\/div>\n\t\n\t\n\t\t<\/div>\n\t\t\t\t\t<\/div>\n\n\t\n<\/div>\n<div class=\"row row-small divisor-caracteristicas\"  id=\"row-1948318462\">\n\n\t<div id=\"col-412233964\" class=\"col py-2 medium-6 small-12 large-6\"  >\n\t\t\t\t<div class=\"col-inner\"  >\n\t\t\t\n\t\t\t\n\n\t\t<div class=\"icon-box featured-box icon-box-left text-left\"  >\n\t\t\t\t\t<div class=\"icon-box-img\" style=\"width: 30px\">\n\t\t\t\t<div class=\"icon\">\n\t\t\t\t\t<div class=\"icon-inner\" >\n\t\t\t\t\t\t<img loading=\"lazy\" decoding=\"async\" width=\"299\" height=\"300\" src=\"https:\/\/casabanchero.com\/tudor\/tienda\/wp-content\/uploads\/2023\/03\/icon-tudor_hermeticidad.png\" class=\"attachment-medium size-medium\" alt=\"\" srcset=\"https:\/\/casabanchero.com\/tudor\/tienda\/wp-content\/uploads\/2023\/03\/icon-tudor_hermeticidad.png 300w, https:\/\/casabanchero.com\/tudor\/tienda\/wp-content\/uploads\/2023\/03\/icon-tudor_hermeticidad-150x150.png 150w, https:\/\/casabanchero.com\/tudor\/tienda\/wp-content\/uploads\/2023\/03\/icon-tudor_hermeticidad-100x100.png 100w\" sizes=\"auto, (max-width: 299px) 100vw, 299px\" \/>\t\t\t\t\t<\/div>\n\t\t\t\t<\/div>\n\t\t\t<\/div>\n\t\t\t\t<div class=\"icon-box-text last-reset\">\n\t\t\t\t\t\t\t\t\t\n<p class=\"uppercase my-2 description-tudor-section-two\">resistencia al agua: Herm\u00e9tico hasta 200 m<\/p>\n\t\t<\/div>\n\t<\/div>\n\t\n\t\n\t\t<\/div>\n\t\t\t\t\t<\/div>\n\n\t\n\n\t<div id=\"col-1622999141\" class=\"col py-2 medium-6 small-12 large-6\"  >\n\t\t\t\t<div class=\"col-inner\"  >\n\t\t\t\n\t\t\t\n\n\t\t<div class=\"icon-box featured-box icon-box-left text-left\"  >\n\t\t\t\t\t<div class=\"icon-box-img\" style=\"width: 30px\">\n\t\t\t\t<div class=\"icon\">\n\t\t\t\t\t<div class=\"icon-inner\" >\n\t\t\t\t\t\t<img loading=\"lazy\" decoding=\"async\" width=\"299\" height=\"300\" src=\"https:\/\/casabanchero.com\/tudor\/tienda\/wp-content\/uploads\/2023\/03\/icon-tudor_material.png\" class=\"attachment-medium size-medium\" alt=\"\" srcset=\"https:\/\/casabanchero.com\/tudor\/tienda\/wp-content\/uploads\/2023\/03\/icon-tudor_material.png 300w, https:\/\/casabanchero.com\/tudor\/tienda\/wp-content\/uploads\/2023\/03\/icon-tudor_material-150x150.png 150w, https:\/\/casabanchero.com\/tudor\/tienda\/wp-content\/uploads\/2023\/03\/icon-tudor_material-100x100.png 100w\" sizes=\"auto, (max-width: 299px) 100vw, 299px\" \/>\t\t\t\t\t<\/div>\n\t\t\t\t<\/div>\n\t\t\t<\/div>\n\t\t\t\t<div class=\"icon-box-text last-reset\">\n\t\t\t\t\t\t\t\t\t\n<p class=\"uppercase my-2 description-tudor-section-two\">material: Acero<\/p>\n\t\t<\/div>\n\t<\/div>\n\t\n\t\n\t\t<\/div>\n\t\t\t\t\t<\/div>\n\n\t\n<\/div>\n<div class=\"row row-small divisor-caracteristicas\"  id=\"row-168059430\">\n\n\t<div id=\"col-2060917097\" class=\"col py-2 medium-6 small-12 large-6\"  >\n\t\t\t\t<div class=\"col-inner\"  >\n\t\t\t\n\t\t\t\n\n\t\t<div class=\"icon-box featured-box icon-box-left text-left\"  >\n\t\t\t\t\t<div class=\"icon-box-img\" style=\"width: 30px\">\n\t\t\t\t<div class=\"icon\">\n\t\t\t\t\t<div class=\"icon-inner\" >\n\t\t\t\t\t\t<img loading=\"lazy\" decoding=\"async\" width=\"299\" height=\"300\" src=\"https:\/\/casabanchero.com\/tudor\/tienda\/wp-content\/uploads\/2023\/03\/icon-tudor_cristal.png\" class=\"attachment-medium size-medium\" alt=\"\" srcset=\"https:\/\/casabanchero.com\/tudor\/tienda\/wp-content\/uploads\/2023\/03\/icon-tudor_cristal.png 300w, https:\/\/casabanchero.com\/tudor\/tienda\/wp-content\/uploads\/2023\/03\/icon-tudor_cristal-150x150.png 150w, https:\/\/casabanchero.com\/tudor\/tienda\/wp-content\/uploads\/2023\/03\/icon-tudor_cristal-100x100.png 100w\" sizes=\"auto, (max-width: 299px) 100vw, 299px\" \/>\t\t\t\t\t<\/div>\n\t\t\t\t<\/div>\n\t\t\t<\/div>\n\t\t\t\t<div class=\"icon-box-text last-reset\">\n\t\t\t\t\t\t\t\t\t\n<p class=\"uppercase my-2 description-tudor-section-two\">cristal: Cristal de zafiro abombado<\/p>\n\t\t<\/div>\n\t<\/div>\n\t\n\t\n\t\t<\/div>\n\t\t\t\t\t<\/div>\n\n\t\n\n\t<div id=\"col-1941975513\" class=\"col py-2 medium-6 small-12 large-6\"  >\n\t\t\t\t<div class=\"col-inner\"  >\n\t\t\t\n\t\t\t\n\n\t\t<div class=\"icon-box featured-box icon-box-left text-left\"  >\n\t\t\t\t\t<div class=\"icon-box-img\" style=\"width: 30px\">\n\t\t\t\t<div class=\"icon\">\n\t\t\t\t\t<div class=\"icon-inner\" >\n\t\t\t\t\t\t<img loading=\"lazy\" decoding=\"async\" width=\"300\" height=\"300\" src=\"https:\/\/casabanchero.com\/tudor\/tienda\/wp-content\/uploads\/2023\/03\/icon-tudor_origen.png\" class=\"attachment-medium size-medium\" alt=\"\" srcset=\"https:\/\/casabanchero.com\/tudor\/tienda\/wp-content\/uploads\/2023\/03\/icon-tudor_origen.png 301w, https:\/\/casabanchero.com\/tudor\/tienda\/wp-content\/uploads\/2023\/03\/icon-tudor_origen-150x150.png 150w, https:\/\/casabanchero.com\/tudor\/tienda\/wp-content\/uploads\/2023\/03\/icon-tudor_origen-100x100.png 100w\" sizes=\"auto, (max-width: 300px) 100vw, 300px\" \/>\t\t\t\t\t<\/div>\n\t\t\t\t<\/div>\n\t\t\t<\/div>\n\t\t\t\t<div class=\"icon-box-text last-reset\">\n\t\t\t\t\t\t\t\t\t\n<p class=\"uppercase my-2 description-tudor-section-two\">origen: suiza<\/p>\n\t\t<\/div>\n\t<\/div>\n\t\n\t\n\t\t<\/div>\n\t\t\t\t\t<\/div>\n\n\t\n<\/div>\n\t\t<\/div>\n\t\t\t\t\t<\/div>\n\n\t\n\n\t<div id=\"col-1252812439\" class=\"col medium-12 small-12 large-6\"  >\n\t\t\t\t<div class=\"col-inner\"  >\n\t\t\t\n\t\t\t\n\t<div class=\"img has-hover x md-x lg-x y md-y lg-y\" id=\"image_1025839913\">\n\t\t\t\t\t\t\t\t<div class=\"img-inner dark\" >\n\t\t\t<img loading=\"lazy\" decoding=\"async\" width=\"640\" height=\"800\" src=\"https:\/\/casabanchero.com\/tudor\/tienda\/wp-content\/uploads\/2023\/03\/front-black-M79830RB-0001.jpg\" class=\"attachment-original size-original\" alt=\"\" srcset=\"https:\/\/casabanchero.com\/tudor\/tienda\/wp-content\/uploads\/2023\/03\/front-black-M79830RB-0001.jpg 640w, https:\/\/casabanchero.com\/tudor\/tienda\/wp-content\/uploads\/2023\/03\/front-black-M79830RB-0001-240x300.jpg 240w, https:\/\/casabanchero.com\/tudor\/tienda\/wp-content\/uploads\/2023\/03\/front-black-M79830RB-0001-600x750.jpg 600w\" sizes=\"auto, (max-width: 640px) 100vw, 640px\" \/>\t\t\t\t\t\t\n\t\t\t\t\t<\/div>\n\t\t\t\t\t\t\t\t\n<style>\n#image_1025839913 {\n  width: 100%;\n}\n<\/style>\n\t<\/div>\n\t\n\t\t<\/div>\n\t\t\t\t\t<\/div>\n\n\t\n<\/div>\n","protected":false},"excerpt":{"rendered":"<div class=\"product-title-container is-uppercase title-tudor-tempalteh1\"> <span class=\"h1\"><strong>TUDOR<\/strong><\/span> <\/p>\n<h1 class=\"description-tudor-section-two\"><span class=\"description-tudor-section-two\">TUDOR Black Bay GMT<\/span><span class=\"description-tudor-section-two\">M79830RB-0001<\/span><\/h1>\n<\/div>\n<p><a href=\"#contacto\" target=\"_self\" class=\"button primary\" rel=\"noopener\"> <span>cont\u00e1ctanos<\/span> <\/a><\/p>\n<p class=\"description-tudor-section-two\">El Black Bay GMT es una extensi\u00f3n de la l\u00ednea Black Bay con una complicaci\u00f3n sumamente funcional: una funci\u00f3n que muestra m\u00faltiples husos horarios, tambi\u00e9n conocida como funci\u00f3n GMT. Reconocible por su bisel giratorio, cuyos colores azul oscuro y burdeos provienen de otros modelos de la l\u00ednea Black Bay pero en versi\u00f3n mate, el Black Bay GMT es un gui\u00f1o a los inicios de esta funci\u00f3n relojera.<\/p>\n","protected":false},"featured_media":116,"comment_status":"closed","ping_status":"closed","template":"","meta":{"inline_featured_image":false},"product_brand":[],"product_cat":[16],"product_tag":[],"class_list":{"0":"post-119","1":"product","2":"type-product","3":"status-publish","4":"has-post-thumbnail","6":"product_cat-tudor","8":"first","9":"instock","10":"shipping-taxable","11":"purchasable","12":"product-type-simple"},"yoast_head":"<!-- This site is optimized with the Yoast SEO Premium plugin v26.6 (Yoast SEO v27.2) - https:\/\/yoast.com\/product\/yoast-seo-premium-wordpress\/ -->\n<title>Reloj TUDOR Black Bay GMT M79830RB-0001 - CASA BANCHERO<\/title>\n<meta name=\"description\" content=\"Descubra el Reloj TUDOR Black Bay GMT M79830RB-0001 de material de Acero con Caja de acero de 41 mm, Brazalete de acero en Casa Banchero\" \/>\n<meta name=\"robots\" content=\"index, follow, max-snippet:-1, max-image-preview:large, max-video-preview:-1\" \/>\n<link rel=\"canonical\" href=\"https:\/\/casabanchero.com\/tudor\/tienda\/watches\/m79830rb-0001\/\" \/>\n<meta property=\"og:locale\" content=\"es_MX\" \/>\n<meta property=\"og:type\" content=\"article\" \/>\n<meta property=\"og:title\" content=\"TUDOR Black Bay GMT\" \/>\n<meta property=\"og:description\" content=\"Descubra el Reloj TUDOR Black Bay GMT M79830RB-0001 de material de Acero con Caja de acero de 41 mm, Brazalete de acero en Casa Banchero\" \/>\n<meta property=\"og:url\" content=\"https:\/\/casabanchero.com\/tudor\/tienda\/watches\/m79830rb-0001\/\" \/>\n<meta property=\"og:site_name\" content=\"CASA BANCHERO\" \/>\n<meta property=\"article:publisher\" content=\"https:\/\/www.facebook.com\/CasaBancheroJoyeria\/\" \/>\n<meta property=\"article:modified_time\" content=\"2026-04-20T23:50:44+00:00\" \/>\n<meta property=\"og:image\" content=\"https:\/\/casabanchero.com\/tudor\/tienda\/wp-content\/uploads\/2023\/03\/front-white-M79830RB-0001.jpg\" \/>\n\t<meta property=\"og:image:width\" content=\"640\" \/>\n\t<meta property=\"og:image:height\" content=\"800\" \/>\n\t<meta property=\"og:image:type\" content=\"image\/jpeg\" \/>\n<meta name=\"twitter:card\" content=\"summary_large_image\" \/>\n<meta name=\"twitter:label1\" content=\"Precio\" \/>\n\t<meta name=\"twitter:data1\" content=\"&#036;5,590.00\" \/>\n\t<meta name=\"twitter:label2\" content=\"Availability\" \/>\n\t<meta name=\"twitter:data2\" content=\"In stock\" \/>\n<script type=\"application\/ld+json\" class=\"yoast-schema-graph\">{\"@context\":\"https:\/\/schema.org\",\"@graph\":[{\"@type\":\"WebPage\",\"@id\":\"https:\/\/casabanchero.com\/tudor\/tienda\/watches\/m79830rb-0001\/\",\"url\":\"https:\/\/casabanchero.com\/tudor\/tienda\/watches\/m79830rb-0001\/\",\"name\":\"Reloj TUDOR Black Bay GMT M79830RB-0001 - CASA BANCHERO\",\"isPartOf\":{\"@id\":\"https:\/\/casabanchero.com\/tudor\/tienda\/#website\"},\"primaryImageOfPage\":{\"@id\":\"https:\/\/casabanchero.com\/tudor\/tienda\/watches\/m79830rb-0001\/#primaryimage\"},\"image\":{\"@id\":\"https:\/\/casabanchero.com\/tudor\/tienda\/watches\/m79830rb-0001\/#primaryimage\"},\"thumbnailUrl\":\"https:\/\/casabanchero.com\/tudor\/tienda\/wp-content\/uploads\/2023\/03\/front-white-M79830RB-0001.jpg\",\"datePublished\":\"2023-03-13T05:40:52+00:00\",\"dateModified\":\"2026-04-20T23:50:44+00:00\",\"description\":\"Descubra el Reloj TUDOR Black Bay GMT M79830RB-0001 de material de Acero con Caja de acero de 41 mm, Brazalete de acero en Casa Banchero\",\"breadcrumb\":{\"@id\":\"https:\/\/casabanchero.com\/tudor\/tienda\/watches\/m79830rb-0001\/#breadcrumb\"},\"inLanguage\":\"es\",\"potentialAction\":[{\"@type\":\"ReadAction\",\"target\":[\"https:\/\/casabanchero.com\/tudor\/tienda\/watches\/m79830rb-0001\/\"]}]},{\"@type\":\"ImageObject\",\"inLanguage\":\"es\",\"@id\":\"https:\/\/casabanchero.com\/tudor\/tienda\/watches\/m79830rb-0001\/#primaryimage\",\"url\":\"https:\/\/casabanchero.com\/tudor\/tienda\/wp-content\/uploads\/2023\/03\/front-white-M79830RB-0001.jpg\",\"contentUrl\":\"https:\/\/casabanchero.com\/tudor\/tienda\/wp-content\/uploads\/2023\/03\/front-white-M79830RB-0001.jpg\",\"width\":640,\"height\":800},{\"@type\":\"BreadcrumbList\",\"@id\":\"https:\/\/casabanchero.com\/tudor\/tienda\/watches\/m79830rb-0001\/#breadcrumb\",\"itemListElement\":[{\"@type\":\"ListItem\",\"position\":1,\"name\":\"Inicio\",\"item\":\"https:\/\/casabanchero.com\/tudor\/tienda\/\"},{\"@type\":\"ListItem\",\"position\":2,\"name\":\"Tienda\",\"item\":\"https:\/\/casabanchero.com\/tudor\/tienda\/tienda\/\"},{\"@type\":\"ListItem\",\"position\":3,\"name\":\"TUDOR Black Bay GMT\"}]},{\"@type\":\"WebSite\",\"@id\":\"https:\/\/casabanchero.com\/tudor\/tienda\/#website\",\"url\":\"https:\/\/casabanchero.com\/tudor\/tienda\/\",\"name\":\"CASA BANCEHRO\",\"description\":\"\",\"publisher\":{\"@id\":\"https:\/\/casabanchero.com\/tudor\/tienda\/#organization\"},\"potentialAction\":[{\"@type\":\"SearchAction\",\"target\":{\"@type\":\"EntryPoint\",\"urlTemplate\":\"https:\/\/casabanchero.com\/tudor\/tienda\/?s={search_term_string}\"},\"query-input\":{\"@type\":\"PropertyValueSpecification\",\"valueRequired\":true,\"valueName\":\"search_term_string\"}}],\"inLanguage\":\"es\"},{\"@type\":\"Organization\",\"@id\":\"https:\/\/casabanchero.com\/tudor\/tienda\/#organization\",\"name\":\"CASA BANCEHRO\",\"url\":\"https:\/\/casabanchero.com\/tudor\/tienda\/\",\"logo\":{\"@type\":\"ImageObject\",\"inLanguage\":\"es\",\"@id\":\"https:\/\/casabanchero.com\/tudor\/tienda\/#\/schema\/logo\/image\/\",\"url\":\"https:\/\/casabanchero.com\/tudor\/tienda\/wp-content\/uploads\/2023\/03\/casa-banchero-logo.svg\",\"contentUrl\":\"https:\/\/casabanchero.com\/tudor\/tienda\/wp-content\/uploads\/2023\/03\/casa-banchero-logo.svg\",\"width\":239,\"height\":67,\"caption\":\"CASA BANCEHRO\"},\"image\":{\"@id\":\"https:\/\/casabanchero.com\/tudor\/tienda\/#\/schema\/logo\/image\/\"},\"sameAs\":[\"https:\/\/www.facebook.com\/CasaBancheroJoyeria\/\",\"https:\/\/www.instagram.com\/casabanchero\/\"]}]}<\/script>\n<meta property=\"product:brand\" content=\"Tudor\" \/>\n<meta property=\"product:price:amount\" content=\"5590.00\" \/>\n<meta property=\"product:price:currency\" content=\"USD\" \/>\n<meta property=\"og:availability\" content=\"instock\" \/>\n<meta property=\"product:availability\" content=\"instock\" \/>\n<meta property=\"product:retailer_item_id\" content=\"M79830RB-0001\" \/>\n<meta property=\"product:condition\" content=\"new\" \/>\n<!-- \/ Yoast SEO Premium plugin. -->","yoast_head_json":{"title":"Reloj TUDOR Black Bay GMT M79830RB-0001 - CASA BANCHERO","description":"Descubra el Reloj TUDOR Black Bay GMT M79830RB-0001 de material de Acero con Caja de acero de 41 mm, Brazalete de acero en Casa Banchero","robots":{"index":"index","follow":"follow","max-snippet":"max-snippet:-1","max-image-preview":"max-image-preview:large","max-video-preview":"max-video-preview:-1"},"canonical":"https:\/\/casabanchero.com\/tudor\/tienda\/watches\/m79830rb-0001\/","og_locale":"es_MX","og_type":"article","og_title":"TUDOR Black Bay GMT","og_description":"Descubra el Reloj TUDOR Black Bay GMT M79830RB-0001 de material de Acero con Caja de acero de 41 mm, Brazalete de acero en Casa Banchero","og_url":"https:\/\/casabanchero.com\/tudor\/tienda\/watches\/m79830rb-0001\/","og_site_name":"CASA BANCHERO","article_publisher":"https:\/\/www.facebook.com\/CasaBancheroJoyeria\/","article_modified_time":"2026-04-20T23:50:44+00:00","og_image":[{"width":640,"height":800,"url":"https:\/\/casabanchero.com\/tudor\/tienda\/wp-content\/uploads\/2023\/03\/front-white-M79830RB-0001.jpg","type":"image\/jpeg"}],"twitter_card":"summary_large_image","twitter_misc":{"Precio":"&#36;5,590.00","Availability":"In stock"},"schema":{"@context":"https:\/\/schema.org","@graph":[{"@type":"WebPage","@id":"https:\/\/casabanchero.com\/tudor\/tienda\/watches\/m79830rb-0001\/","url":"https:\/\/casabanchero.com\/tudor\/tienda\/watches\/m79830rb-0001\/","name":"Reloj TUDOR Black Bay GMT M79830RB-0001 - CASA BANCHERO","isPartOf":{"@id":"https:\/\/casabanchero.com\/tudor\/tienda\/#website"},"primaryImageOfPage":{"@id":"https:\/\/casabanchero.com\/tudor\/tienda\/watches\/m79830rb-0001\/#primaryimage"},"image":{"@id":"https:\/\/casabanchero.com\/tudor\/tienda\/watches\/m79830rb-0001\/#primaryimage"},"thumbnailUrl":"https:\/\/casabanchero.com\/tudor\/tienda\/wp-content\/uploads\/2023\/03\/front-white-M79830RB-0001.jpg","datePublished":"2023-03-13T05:40:52+00:00","dateModified":"2026-04-20T23:50:44+00:00","description":"Descubra el Reloj TUDOR Black Bay GMT M79830RB-0001 de material de Acero con Caja de acero de 41 mm, Brazalete de acero en Casa Banchero","breadcrumb":{"@id":"https:\/\/casabanchero.com\/tudor\/tienda\/watches\/m79830rb-0001\/#breadcrumb"},"inLanguage":"es","potentialAction":[{"@type":"ReadAction","target":["https:\/\/casabanchero.com\/tudor\/tienda\/watches\/m79830rb-0001\/"]}]},{"@type":"ImageObject","inLanguage":"es","@id":"https:\/\/casabanchero.com\/tudor\/tienda\/watches\/m79830rb-0001\/#primaryimage","url":"https:\/\/casabanchero.com\/tudor\/tienda\/wp-content\/uploads\/2023\/03\/front-white-M79830RB-0001.jpg","contentUrl":"https:\/\/casabanchero.com\/tudor\/tienda\/wp-content\/uploads\/2023\/03\/front-white-M79830RB-0001.jpg","width":640,"height":800},{"@type":"BreadcrumbList","@id":"https:\/\/casabanchero.com\/tudor\/tienda\/watches\/m79830rb-0001\/#breadcrumb","itemListElement":[{"@type":"ListItem","position":1,"name":"Inicio","item":"https:\/\/casabanchero.com\/tudor\/tienda\/"},{"@type":"ListItem","position":2,"name":"Tienda","item":"https:\/\/casabanchero.com\/tudor\/tienda\/tienda\/"},{"@type":"ListItem","position":3,"name":"TUDOR Black Bay GMT"}]},{"@type":"WebSite","@id":"https:\/\/casabanchero.com\/tudor\/tienda\/#website","url":"https:\/\/casabanchero.com\/tudor\/tienda\/","name":"CASA BANCEHRO","description":"","publisher":{"@id":"https:\/\/casabanchero.com\/tudor\/tienda\/#organization"},"potentialAction":[{"@type":"SearchAction","target":{"@type":"EntryPoint","urlTemplate":"https:\/\/casabanchero.com\/tudor\/tienda\/?s={search_term_string}"},"query-input":{"@type":"PropertyValueSpecification","valueRequired":true,"valueName":"search_term_string"}}],"inLanguage":"es"},{"@type":"Organization","@id":"https:\/\/casabanchero.com\/tudor\/tienda\/#organization","name":"CASA BANCEHRO","url":"https:\/\/casabanchero.com\/tudor\/tienda\/","logo":{"@type":"ImageObject","inLanguage":"es","@id":"https:\/\/casabanchero.com\/tudor\/tienda\/#\/schema\/logo\/image\/","url":"https:\/\/casabanchero.com\/tudor\/tienda\/wp-content\/uploads\/2023\/03\/casa-banchero-logo.svg","contentUrl":"https:\/\/casabanchero.com\/tudor\/tienda\/wp-content\/uploads\/2023\/03\/casa-banchero-logo.svg","width":239,"height":67,"caption":"CASA BANCEHRO"},"image":{"@id":"https:\/\/casabanchero.com\/tudor\/tienda\/#\/schema\/logo\/image\/"},"sameAs":["https:\/\/www.facebook.com\/CasaBancheroJoyeria\/","https:\/\/www.instagram.com\/casabanchero\/"]}]},"product_brand":"Tudor","product_price_amount":"5590.00","product_price_currency":"USD","og_availability":"instock","product_availability":"instock","product_retailer_item_id":"M79830RB-0001","product_condition":"new"},"_links":{"self":[{"href":"https:\/\/casabanchero.com\/tudor\/tienda\/wp-json\/wp\/v2\/product\/119","targetHints":{"allow":["GET"]}}],"collection":[{"href":"https:\/\/casabanchero.com\/tudor\/tienda\/wp-json\/wp\/v2\/product"}],"about":[{"href":"https:\/\/casabanchero.com\/tudor\/tienda\/wp-json\/wp\/v2\/types\/product"}],"replies":[{"embeddable":true,"href":"https:\/\/casabanchero.com\/tudor\/tienda\/wp-json\/wp\/v2\/comments?post=119"}],"wp:featuredmedia":[{"embeddable":true,"href":"https:\/\/casabanchero.com\/tudor\/tienda\/wp-json\/wp\/v2\/media\/116"}],"wp:attachment":[{"href":"https:\/\/casabanchero.com\/tudor\/tienda\/wp-json\/wp\/v2\/media?parent=119"}],"wp:term":[{"taxonomy":"product_brand","embeddable":true,"href":"https:\/\/casabanchero.com\/tudor\/tienda\/wp-json\/wp\/v2\/product_brand?post=119"},{"taxonomy":"product_cat","embeddable":true,"href":"https:\/\/casabanchero.com\/tudor\/tienda\/wp-json\/wp\/v2\/product_cat?post=119"},{"taxonomy":"product_tag","embeddable":true,"href":"https:\/\/casabanchero.com\/tudor\/tienda\/wp-json\/wp\/v2\/product_tag?post=119"}],"curies":[{"name":"wp","href":"https:\/\/api.w.org\/{rel}","templated":true}]}}