{"id":366,"date":"2023-08-06T21:21:25","date_gmt":"2023-08-06T21:21:25","guid":{"rendered":"https:\/\/casabanchero.com\/tudor\/tienda\/?post_type=product&#038;p=366"},"modified":"2026-04-20T17:51:07","modified_gmt":"2026-04-20T23:51:07","slug":"m25610tnl-0001","status":"publish","type":"product","link":"https:\/\/casabanchero.com\/tudor\/tienda\/watches\/m25610tnl-0001\/","title":{"rendered":"TUDOR Pelagos LHD"},"content":{"rendered":"<div class=\"row\"  id=\"row-605403795\">\n\n\t<div id=\"col-554341259\" class=\"col medium-12 small-12 large-6\"  >\n\t\t\t\t<div class=\"col-inner\"  >\n\t\t\t\n\t\t\t\n<p class=\"uppercase mb-2\"><strong>TUDOR Pelagos LHD<\/strong><\/p>\n<p class=\"description-tudor-section-two\">REF: M25610TNL-0001<\/p>\n\t<div id=\"gap-1957417539\" class=\"gap-element clearfix\" style=\"display:block; height:auto;\">\n\t\t\n<style>\n#gap-1957417539 {\n  padding-top: 20px;\n}\n<\/style>\n\t<\/div>\n\t\n<p class=\"uppercase mb-2\"><strong>Funciones<\/strong><\/p>\n<p class=\"description-tudor-section-two\">Tudor Disco de cer\u00e1mica negra mate, Brazalete de titanio, Caja de titanio y acero, 42 mm, acabado satinado Fondo de acero numerado, Bisel giratorio unidireccional de titanio con graduaci\u00f3n de 60 minutos, disco de cer\u00e1mica negra mate y graduaciones con material beige luminiscente, Calibre de Manufactura MT5612-LHD (COSC) Movimiento mec\u00e1nico de cuerda autom\u00e1tica con rotor bidireccional, Corona a rosca de titanio a las 9 horas, con el logo de TUDOR en relieve V\u00e1lvula autom\u00e1tica de helio a las 3 horas, Cristal de zafiro, Herm\u00e9tico hasta 500 m, Brazalete de titanio con cierre desplegable y cierre de seguridad de acero con sistema de extensi\u00f3n desarrollado y patentado por TUDOR<\/p>\n\t<div id=\"gap-32027976\" class=\"gap-element clearfix\" style=\"display:block; height:auto;\">\n\t\t\n<style>\n#gap-32027976 {\n  padding-top: 10px;\n}\n<\/style>\n\t<\/div>\n\t\n<div class=\"text-center\"><div class=\"is-divider divider clearfix\" style=\"max-width:100%;height:7px;\"><\/div><\/div>\n\t<div id=\"gap-905716945\" class=\"gap-element clearfix\" style=\"display:block; height:auto;\">\n\t\t\n<style>\n#gap-905716945 {\n  padding-top: 10px;\n}\n<\/style>\n\t<\/div>\n\t\n<div class=\"row row-small divisor-caracteristicas\"  id=\"row-1156915682\">\n\n\t<div id=\"col-1338084335\" class=\"col py-2 medium-6 small-12 large-6\"  >\n\t\t\t\t<div class=\"col-inner\"  >\n\t\t\t\n\t\t\t\n\n\t\t<div class=\"icon-box featured-box icon-box-left text-left\"  >\n\t\t\t\t\t<div class=\"icon-box-img\" style=\"width: 30px\">\n\t\t\t\t<div class=\"icon\">\n\t\t\t\t\t<div class=\"icon-inner\" >\n\t\t\t\t\t\t<img loading=\"lazy\" decoding=\"async\" width=\"299\" height=\"300\" src=\"https:\/\/casabanchero.com\/tudor\/tienda\/wp-content\/uploads\/2023\/03\/icon-tudor_marca.png\" class=\"attachment-medium size-medium\" alt=\"\" srcset=\"https:\/\/casabanchero.com\/tudor\/tienda\/wp-content\/uploads\/2023\/03\/icon-tudor_marca.png 300w, https:\/\/casabanchero.com\/tudor\/tienda\/wp-content\/uploads\/2023\/03\/icon-tudor_marca-150x150.png 150w, https:\/\/casabanchero.com\/tudor\/tienda\/wp-content\/uploads\/2023\/03\/icon-tudor_marca-100x100.png 100w\" sizes=\"auto, (max-width: 299px) 100vw, 299px\" \/>\t\t\t\t\t<\/div>\n\t\t\t\t<\/div>\n\t\t\t<\/div>\n\t\t\t\t<div class=\"icon-box-text last-reset\">\n\t\t\t\t\t\t\t\t\t\n<p class=\"uppercase my-2 description-tudor-section-two\">marca: tudor<\/p>\n\t\t<\/div>\n\t<\/div>\n\t\n\t\n\t\t<\/div>\n\t\t\t\t\t<\/div>\n\n\t\n\n\t<div id=\"col-1523683242\" class=\"col py-2 medium-6 small-12 large-6\"  >\n\t\t\t\t<div class=\"col-inner\"  >\n\t\t\t\n\t\t\t\n\n\t\t<div class=\"icon-box featured-box icon-box-left text-left\"  >\n\t\t\t\t\t<div class=\"icon-box-img\" style=\"width: 30px\">\n\t\t\t\t<div class=\"icon\">\n\t\t\t\t\t<div class=\"icon-inner\" >\n\t\t\t\t\t\t<img loading=\"lazy\" decoding=\"async\" width=\"300\" height=\"300\" src=\"https:\/\/casabanchero.com\/tudor\/tienda\/wp-content\/uploads\/2023\/03\/icon-tudor_coleccion-tudor.png\" class=\"attachment-medium size-medium\" alt=\"\" srcset=\"https:\/\/casabanchero.com\/tudor\/tienda\/wp-content\/uploads\/2023\/03\/icon-tudor_coleccion-tudor.png 301w, https:\/\/casabanchero.com\/tudor\/tienda\/wp-content\/uploads\/2023\/03\/icon-tudor_coleccion-tudor-150x150.png 150w, https:\/\/casabanchero.com\/tudor\/tienda\/wp-content\/uploads\/2023\/03\/icon-tudor_coleccion-tudor-100x100.png 100w\" sizes=\"auto, (max-width: 300px) 100vw, 300px\" \/>\t\t\t\t\t<\/div>\n\t\t\t\t<\/div>\n\t\t\t<\/div>\n\t\t\t\t<div class=\"icon-box-text last-reset\">\n\t\t\t\t\t\t\t\t\t\n<p class=\"uppercase my-2 description-tudor-section-two\">colecci\u00f3n: Pelagos<\/p>\n\t\t<\/div>\n\t<\/div>\n\t\n\t\n\t\t<\/div>\n\t\t\t\t\t<\/div>\n\n\t\n<\/div>\n<div class=\"row row-small divisor-caracteristicas\"  id=\"row-881780956\">\n\n\t<div id=\"col-824597362\" class=\"col py-2 medium-6 small-12 large-6\"  >\n\t\t\t\t<div class=\"col-inner\"  >\n\t\t\t\n\t\t\t\n\n\t\t<div class=\"icon-box featured-box icon-box-left text-left\"  >\n\t\t\t\t\t<div class=\"icon-box-img\" style=\"width: 30px\">\n\t\t\t\t<div class=\"icon\">\n\t\t\t\t\t<div class=\"icon-inner\" >\n\t\t\t\t\t\t<img loading=\"lazy\" decoding=\"async\" width=\"299\" height=\"300\" src=\"https:\/\/casabanchero.com\/tudor\/tienda\/wp-content\/uploads\/2023\/03\/icon-tudor_diametro.png\" class=\"attachment-medium size-medium\" alt=\"\" srcset=\"https:\/\/casabanchero.com\/tudor\/tienda\/wp-content\/uploads\/2023\/03\/icon-tudor_diametro.png 300w, https:\/\/casabanchero.com\/tudor\/tienda\/wp-content\/uploads\/2023\/03\/icon-tudor_diametro-150x150.png 150w, https:\/\/casabanchero.com\/tudor\/tienda\/wp-content\/uploads\/2023\/03\/icon-tudor_diametro-100x100.png 100w\" sizes=\"auto, (max-width: 299px) 100vw, 299px\" \/>\t\t\t\t\t<\/div>\n\t\t\t\t<\/div>\n\t\t\t<\/div>\n\t\t\t\t<div class=\"icon-box-text last-reset\">\n\t\t\t\t\t\t\t\t\t\n<p class=\"uppercase my-2 description-tudor-section-two\">di\u00e1metro: 42 mm<\/p>\n\t\t<\/div>\n\t<\/div>\n\t\n\t\n\t\t<\/div>\n\t\t\t\t\t<\/div>\n\n\t\n\n\t<div id=\"col-944989675\" class=\"col py-2 medium-6 small-12 large-6\"  >\n\t\t\t\t<div class=\"col-inner\"  >\n\t\t\t\n\t\t\t\n\n\t\t<div class=\"icon-box featured-box icon-box-left text-left\"  >\n\t\t\t\t\t<div class=\"icon-box-img\" style=\"width: 30px\">\n\t\t\t\t<div class=\"icon\">\n\t\t\t\t\t<div class=\"icon-inner\" >\n\t\t\t\t\t\t<img loading=\"lazy\" decoding=\"async\" width=\"299\" height=\"300\" src=\"https:\/\/casabanchero.com\/tudor\/tienda\/wp-content\/uploads\/2023\/03\/icon-tudor_movimiento.png\" class=\"attachment-medium size-medium\" alt=\"\" srcset=\"https:\/\/casabanchero.com\/tudor\/tienda\/wp-content\/uploads\/2023\/03\/icon-tudor_movimiento.png 300w, https:\/\/casabanchero.com\/tudor\/tienda\/wp-content\/uploads\/2023\/03\/icon-tudor_movimiento-150x150.png 150w, https:\/\/casabanchero.com\/tudor\/tienda\/wp-content\/uploads\/2023\/03\/icon-tudor_movimiento-100x100.png 100w\" sizes=\"auto, (max-width: 299px) 100vw, 299px\" \/>\t\t\t\t\t<\/div>\n\t\t\t\t<\/div>\n\t\t\t<\/div>\n\t\t\t\t<div class=\"icon-box-text last-reset\">\n\t\t\t\t\t\t\t\t\t\n<p class=\"uppercase my-2 description-tudor-section-two\">movimiento: Calibre de Manufactura MT5612-LHD (COSC) Movimiento mec\u00e1nico de cuerda autom\u00e1tica con rotor bidireccional<\/p>\n\t\t<\/div>\n\t<\/div>\n\t\n\t\n\t\t<\/div>\n\t\t\t\t\t<\/div>\n\n\t\n<\/div>\n<div class=\"row row-small divisor-caracteristicas\"  id=\"row-498527129\">\n\n\t<div id=\"col-20709717\" class=\"col py-2 medium-6 small-12 large-6\"  >\n\t\t\t\t<div class=\"col-inner\"  >\n\t\t\t\n\t\t\t\n\n\t\t<div class=\"icon-box featured-box icon-box-left text-left\"  >\n\t\t\t\t\t<div class=\"icon-box-img\" style=\"width: 30px\">\n\t\t\t\t<div class=\"icon\">\n\t\t\t\t\t<div class=\"icon-inner\" >\n\t\t\t\t\t\t<img loading=\"lazy\" decoding=\"async\" width=\"299\" height=\"300\" src=\"https:\/\/casabanchero.com\/tudor\/tienda\/wp-content\/uploads\/2023\/03\/icon-tudor_hermeticidad.png\" class=\"attachment-medium size-medium\" alt=\"\" srcset=\"https:\/\/casabanchero.com\/tudor\/tienda\/wp-content\/uploads\/2023\/03\/icon-tudor_hermeticidad.png 300w, https:\/\/casabanchero.com\/tudor\/tienda\/wp-content\/uploads\/2023\/03\/icon-tudor_hermeticidad-150x150.png 150w, https:\/\/casabanchero.com\/tudor\/tienda\/wp-content\/uploads\/2023\/03\/icon-tudor_hermeticidad-100x100.png 100w\" sizes=\"auto, (max-width: 299px) 100vw, 299px\" \/>\t\t\t\t\t<\/div>\n\t\t\t\t<\/div>\n\t\t\t<\/div>\n\t\t\t\t<div class=\"icon-box-text last-reset\">\n\t\t\t\t\t\t\t\t\t\n<p class=\"uppercase my-2 description-tudor-section-two\">resistencia al agua: Herm\u00e9tico hasta 500 m<\/p>\n\t\t<\/div>\n\t<\/div>\n\t\n\t\n\t\t<\/div>\n\t\t\t\t\t<\/div>\n\n\t\n\n\t<div id=\"col-873435408\" class=\"col py-2 medium-6 small-12 large-6\"  >\n\t\t\t\t<div class=\"col-inner\"  >\n\t\t\t\n\t\t\t\n\n\t\t<div class=\"icon-box featured-box icon-box-left text-left\"  >\n\t\t\t\t\t<div class=\"icon-box-img\" style=\"width: 30px\">\n\t\t\t\t<div class=\"icon\">\n\t\t\t\t\t<div class=\"icon-inner\" >\n\t\t\t\t\t\t<img loading=\"lazy\" decoding=\"async\" width=\"299\" height=\"300\" src=\"https:\/\/casabanchero.com\/tudor\/tienda\/wp-content\/uploads\/2023\/03\/icon-tudor_material.png\" class=\"attachment-medium size-medium\" alt=\"\" srcset=\"https:\/\/casabanchero.com\/tudor\/tienda\/wp-content\/uploads\/2023\/03\/icon-tudor_material.png 300w, https:\/\/casabanchero.com\/tudor\/tienda\/wp-content\/uploads\/2023\/03\/icon-tudor_material-150x150.png 150w, https:\/\/casabanchero.com\/tudor\/tienda\/wp-content\/uploads\/2023\/03\/icon-tudor_material-100x100.png 100w\" sizes=\"auto, (max-width: 299px) 100vw, 299px\" \/>\t\t\t\t\t<\/div>\n\t\t\t\t<\/div>\n\t\t\t<\/div>\n\t\t\t\t<div class=\"icon-box-text last-reset\">\n\t\t\t\t\t\t\t\t\t\n<p class=\"uppercase my-2 description-tudor-section-two\">material: Acero y titanio<\/p>\n\t\t<\/div>\n\t<\/div>\n\t\n\t\n\t\t<\/div>\n\t\t\t\t\t<\/div>\n\n\t\n<\/div>\n<div class=\"row row-small divisor-caracteristicas\"  id=\"row-388933204\">\n\n\t<div id=\"col-1826128849\" class=\"col py-2 medium-6 small-12 large-6\"  >\n\t\t\t\t<div class=\"col-inner\"  >\n\t\t\t\n\t\t\t\n\n\t\t<div class=\"icon-box featured-box icon-box-left text-left\"  >\n\t\t\t\t\t<div class=\"icon-box-img\" style=\"width: 30px\">\n\t\t\t\t<div class=\"icon\">\n\t\t\t\t\t<div class=\"icon-inner\" >\n\t\t\t\t\t\t<img loading=\"lazy\" decoding=\"async\" width=\"299\" height=\"300\" src=\"https:\/\/casabanchero.com\/tudor\/tienda\/wp-content\/uploads\/2023\/03\/icon-tudor_cristal.png\" class=\"attachment-medium size-medium\" alt=\"\" srcset=\"https:\/\/casabanchero.com\/tudor\/tienda\/wp-content\/uploads\/2023\/03\/icon-tudor_cristal.png 300w, https:\/\/casabanchero.com\/tudor\/tienda\/wp-content\/uploads\/2023\/03\/icon-tudor_cristal-150x150.png 150w, https:\/\/casabanchero.com\/tudor\/tienda\/wp-content\/uploads\/2023\/03\/icon-tudor_cristal-100x100.png 100w\" sizes=\"auto, (max-width: 299px) 100vw, 299px\" \/>\t\t\t\t\t<\/div>\n\t\t\t\t<\/div>\n\t\t\t<\/div>\n\t\t\t\t<div class=\"icon-box-text last-reset\">\n\t\t\t\t\t\t\t\t\t\n<p class=\"uppercase my-2 description-tudor-section-two\">cristal: Cristal de zafiro<\/p>\n\t\t<\/div>\n\t<\/div>\n\t\n\t\n\t\t<\/div>\n\t\t\t\t\t<\/div>\n\n\t\n\n\t<div id=\"col-221706817\" class=\"col py-2 medium-6 small-12 large-6\"  >\n\t\t\t\t<div class=\"col-inner\"  >\n\t\t\t\n\t\t\t\n\n\t\t<div class=\"icon-box featured-box icon-box-left text-left\"  >\n\t\t\t\t\t<div class=\"icon-box-img\" style=\"width: 30px\">\n\t\t\t\t<div class=\"icon\">\n\t\t\t\t\t<div class=\"icon-inner\" >\n\t\t\t\t\t\t<img loading=\"lazy\" decoding=\"async\" width=\"300\" height=\"300\" src=\"https:\/\/casabanchero.com\/tudor\/tienda\/wp-content\/uploads\/2023\/03\/icon-tudor_origen.png\" class=\"attachment-medium size-medium\" alt=\"\" srcset=\"https:\/\/casabanchero.com\/tudor\/tienda\/wp-content\/uploads\/2023\/03\/icon-tudor_origen.png 301w, https:\/\/casabanchero.com\/tudor\/tienda\/wp-content\/uploads\/2023\/03\/icon-tudor_origen-150x150.png 150w, https:\/\/casabanchero.com\/tudor\/tienda\/wp-content\/uploads\/2023\/03\/icon-tudor_origen-100x100.png 100w\" sizes=\"auto, (max-width: 300px) 100vw, 300px\" \/>\t\t\t\t\t<\/div>\n\t\t\t\t<\/div>\n\t\t\t<\/div>\n\t\t\t\t<div class=\"icon-box-text last-reset\">\n\t\t\t\t\t\t\t\t\t\n<p class=\"uppercase my-2 description-tudor-section-two\">origen: suiza<\/p>\n\t\t<\/div>\n\t<\/div>\n\t\n\t\n\t\t<\/div>\n\t\t\t\t\t<\/div>\n\n\t\n<\/div>\n\t\t<\/div>\n\t\t\t\t\t<\/div>\n\n\t\n\n\t<div id=\"col-735159155\" class=\"col medium-12 small-12 large-6\"  >\n\t\t\t\t<div class=\"col-inner\"  >\n\t\t\t\n\t\t\t\n\t<div class=\"img has-hover x md-x lg-x y md-y lg-y\" id=\"image_957384486\">\n\t\t\t\t\t\t\t\t<div class=\"img-inner dark\" >\n\t\t\t<img loading=\"lazy\" decoding=\"async\" width=\"640\" height=\"800\" src=\"https:\/\/casabanchero.com\/tudor\/tienda\/wp-content\/uploads\/2023\/08\/front-black-M25610TNL-0001.jpg\" class=\"attachment-original size-original\" alt=\"\" srcset=\"https:\/\/casabanchero.com\/tudor\/tienda\/wp-content\/uploads\/2023\/08\/front-black-M25610TNL-0001.jpg 640w, https:\/\/casabanchero.com\/tudor\/tienda\/wp-content\/uploads\/2023\/08\/front-black-M25610TNL-0001-240x300.jpg 240w, https:\/\/casabanchero.com\/tudor\/tienda\/wp-content\/uploads\/2023\/08\/front-black-M25610TNL-0001-600x750.jpg 600w\" sizes=\"auto, (max-width: 640px) 100vw, 640px\" \/>\t\t\t\t\t\t\n\t\t\t\t\t<\/div>\n\t\t\t\t\t\t\t\t\n<style>\n#image_957384486 {\n  width: 100%;\n}\n<\/style>\n\t<\/div>\n\t\n\t\t<\/div>\n\t\t\t\t\t<\/div>\n\n\t\n<\/div>\n","protected":false},"excerpt":{"rendered":"<div class=\"product-title-container is-uppercase title-tudor-tempalteh1\">\n<p><span class=\"h1\"><strong>TUDOR<\/strong><\/span><\/p>\n<h1 class=\"description-tudor-section-two\"><span class=\"description-tudor-section-two\">TUDOR Pelagos<\/span><span class=\"description-tudor-section-two\">M25610TNL-0001\/span><\/h1>\n<\/div>\n<p><a class=\"button primary\" href=\"#contacto\" target=\"_self\" rel=\"noopener\"> cont\u00e1ctanos <\/a><\/p>\n<p class=\"description-tudor-section-two\">Un magn\u00edfico ejemplo de reloj-herramienta y s\u00edmbolo de aventura, el Pelagos es uno de los relojes de buceo mec\u00e1nicos tradicionales m\u00e1s completos que se encuentran hoy en d\u00eda. Herm\u00e9tico hasta 500 metros, est\u00e1 disponible en versi\u00f3n para diestros y para zurdos. Adem\u00e1s de la versi\u00f3n original en negro mate, este modelo est\u00e1 tambi\u00e9n disponible en azul mate, el color emblem\u00e1tico de los relojes de buceo de la marca desde los a\u00f1os sesenta.<\/p>\n","protected":false},"featured_media":352,"comment_status":"closed","ping_status":"closed","template":"","meta":{"inline_featured_image":false},"product_brand":[],"product_cat":[16],"product_tag":[],"class_list":{"0":"post-366","1":"product","2":"type-product","3":"status-publish","4":"has-post-thumbnail","6":"product_cat-tudor","8":"first","9":"instock","10":"shipping-taxable","11":"purchasable","12":"product-type-simple"},"yoast_head":"<!-- This site is optimized with the Yoast SEO Premium plugin v26.6 (Yoast SEO v27.2) - https:\/\/yoast.com\/product\/yoast-seo-premium-wordpress\/ -->\n<title>Reloj TUDOR Pelagos LHD M25610TNL-0001 - CASA BANCHERO<\/title>\n<meta name=\"description\" content=\"Descubra el Reloj TUDOR Pelagos LHD M25610TNL-0001 de material Acero y Disco de cer\u00e1mica negra mate, Brazalete de titanio en Casa Banchero\" \/>\n<meta name=\"robots\" content=\"index, follow, max-snippet:-1, max-image-preview:large, max-video-preview:-1\" \/>\n<link rel=\"canonical\" href=\"https:\/\/casabanchero.com\/tudor\/tienda\/watches\/m25610tnl-0001\/\" \/>\n<meta property=\"og:locale\" content=\"es_MX\" \/>\n<meta property=\"og:type\" content=\"article\" \/>\n<meta property=\"og:title\" content=\"TUDOR Pelagos LHD\" \/>\n<meta property=\"og:description\" content=\"Descubra el Reloj TUDOR Pelagos LHD M25610TNL-0001 de material Acero y Disco de cer\u00e1mica negra mate, Brazalete de titanio en Casa Banchero\" \/>\n<meta property=\"og:url\" content=\"https:\/\/casabanchero.com\/tudor\/tienda\/watches\/m25610tnl-0001\/\" \/>\n<meta property=\"og:site_name\" content=\"CASA BANCHERO\" \/>\n<meta property=\"article:publisher\" content=\"https:\/\/www.facebook.com\/CasaBancheroJoyeria\/\" \/>\n<meta property=\"article:modified_time\" content=\"2026-04-20T23:51:07+00:00\" \/>\n<meta property=\"og:image\" content=\"https:\/\/casabanchero.com\/tudor\/tienda\/wp-content\/uploads\/2023\/08\/front-white-M25610TNL-0001.jpg\" \/>\n\t<meta property=\"og:image:width\" content=\"640\" \/>\n\t<meta property=\"og:image:height\" content=\"800\" \/>\n\t<meta property=\"og:image:type\" content=\"image\/jpeg\" \/>\n<meta name=\"twitter:card\" content=\"summary_large_image\" \/>\n<meta name=\"twitter:label1\" content=\"Precio\" \/>\n\t<meta name=\"twitter:data1\" content=\"&#036;6,400.00\" \/>\n\t<meta name=\"twitter:label2\" content=\"Availability\" \/>\n\t<meta name=\"twitter:data2\" content=\"In stock\" \/>\n<script type=\"application\/ld+json\" class=\"yoast-schema-graph\">{\"@context\":\"https:\/\/schema.org\",\"@graph\":[{\"@type\":\"WebPage\",\"@id\":\"https:\/\/casabanchero.com\/tudor\/tienda\/watches\/m25610tnl-0001\/\",\"url\":\"https:\/\/casabanchero.com\/tudor\/tienda\/watches\/m25610tnl-0001\/\",\"name\":\"Reloj TUDOR Pelagos LHD M25610TNL-0001 - CASA BANCHERO\",\"isPartOf\":{\"@id\":\"https:\/\/casabanchero.com\/tudor\/tienda\/#website\"},\"primaryImageOfPage\":{\"@id\":\"https:\/\/casabanchero.com\/tudor\/tienda\/watches\/m25610tnl-0001\/#primaryimage\"},\"image\":{\"@id\":\"https:\/\/casabanchero.com\/tudor\/tienda\/watches\/m25610tnl-0001\/#primaryimage\"},\"thumbnailUrl\":\"https:\/\/casabanchero.com\/tudor\/tienda\/wp-content\/uploads\/2023\/08\/front-white-M25610TNL-0001.jpg\",\"datePublished\":\"2023-08-06T21:21:25+00:00\",\"dateModified\":\"2026-04-20T23:51:07+00:00\",\"description\":\"Descubra el Reloj TUDOR Pelagos LHD M25610TNL-0001 de material Acero y Disco de cer\u00e1mica negra mate, Brazalete de titanio en Casa Banchero\",\"breadcrumb\":{\"@id\":\"https:\/\/casabanchero.com\/tudor\/tienda\/watches\/m25610tnl-0001\/#breadcrumb\"},\"inLanguage\":\"es\",\"potentialAction\":[{\"@type\":\"ReadAction\",\"target\":[\"https:\/\/casabanchero.com\/tudor\/tienda\/watches\/m25610tnl-0001\/\"]}]},{\"@type\":\"ImageObject\",\"inLanguage\":\"es\",\"@id\":\"https:\/\/casabanchero.com\/tudor\/tienda\/watches\/m25610tnl-0001\/#primaryimage\",\"url\":\"https:\/\/casabanchero.com\/tudor\/tienda\/wp-content\/uploads\/2023\/08\/front-white-M25610TNL-0001.jpg\",\"contentUrl\":\"https:\/\/casabanchero.com\/tudor\/tienda\/wp-content\/uploads\/2023\/08\/front-white-M25610TNL-0001.jpg\",\"width\":640,\"height\":800},{\"@type\":\"BreadcrumbList\",\"@id\":\"https:\/\/casabanchero.com\/tudor\/tienda\/watches\/m25610tnl-0001\/#breadcrumb\",\"itemListElement\":[{\"@type\":\"ListItem\",\"position\":1,\"name\":\"Inicio\",\"item\":\"https:\/\/casabanchero.com\/tudor\/tienda\/\"},{\"@type\":\"ListItem\",\"position\":2,\"name\":\"Tienda\",\"item\":\"https:\/\/casabanchero.com\/tudor\/tienda\/tienda\/\"},{\"@type\":\"ListItem\",\"position\":3,\"name\":\"TUDOR Pelagos LHD\"}]},{\"@type\":\"WebSite\",\"@id\":\"https:\/\/casabanchero.com\/tudor\/tienda\/#website\",\"url\":\"https:\/\/casabanchero.com\/tudor\/tienda\/\",\"name\":\"CASA BANCEHRO\",\"description\":\"\",\"publisher\":{\"@id\":\"https:\/\/casabanchero.com\/tudor\/tienda\/#organization\"},\"potentialAction\":[{\"@type\":\"SearchAction\",\"target\":{\"@type\":\"EntryPoint\",\"urlTemplate\":\"https:\/\/casabanchero.com\/tudor\/tienda\/?s={search_term_string}\"},\"query-input\":{\"@type\":\"PropertyValueSpecification\",\"valueRequired\":true,\"valueName\":\"search_term_string\"}}],\"inLanguage\":\"es\"},{\"@type\":\"Organization\",\"@id\":\"https:\/\/casabanchero.com\/tudor\/tienda\/#organization\",\"name\":\"CASA BANCEHRO\",\"url\":\"https:\/\/casabanchero.com\/tudor\/tienda\/\",\"logo\":{\"@type\":\"ImageObject\",\"inLanguage\":\"es\",\"@id\":\"https:\/\/casabanchero.com\/tudor\/tienda\/#\/schema\/logo\/image\/\",\"url\":\"https:\/\/casabanchero.com\/tudor\/tienda\/wp-content\/uploads\/2023\/03\/casa-banchero-logo.svg\",\"contentUrl\":\"https:\/\/casabanchero.com\/tudor\/tienda\/wp-content\/uploads\/2023\/03\/casa-banchero-logo.svg\",\"width\":239,\"height\":67,\"caption\":\"CASA BANCEHRO\"},\"image\":{\"@id\":\"https:\/\/casabanchero.com\/tudor\/tienda\/#\/schema\/logo\/image\/\"},\"sameAs\":[\"https:\/\/www.facebook.com\/CasaBancheroJoyeria\/\",\"https:\/\/www.instagram.com\/casabanchero\/\"]}]}<\/script>\n<meta property=\"product:brand\" content=\"Tudor\" \/>\n<meta property=\"product:price:amount\" content=\"6400.00\" \/>\n<meta property=\"product:price:currency\" content=\"USD\" \/>\n<meta property=\"og:availability\" content=\"instock\" \/>\n<meta property=\"product:availability\" content=\"instock\" \/>\n<meta property=\"product:retailer_item_id\" content=\"M25610TNL-0001\" \/>\n<meta property=\"product:condition\" content=\"new\" \/>\n<!-- \/ Yoast SEO Premium plugin. -->","yoast_head_json":{"title":"Reloj TUDOR Pelagos LHD M25610TNL-0001 - CASA BANCHERO","description":"Descubra el Reloj TUDOR Pelagos LHD M25610TNL-0001 de material Acero y Disco de cer\u00e1mica negra mate, Brazalete de titanio en Casa Banchero","robots":{"index":"index","follow":"follow","max-snippet":"max-snippet:-1","max-image-preview":"max-image-preview:large","max-video-preview":"max-video-preview:-1"},"canonical":"https:\/\/casabanchero.com\/tudor\/tienda\/watches\/m25610tnl-0001\/","og_locale":"es_MX","og_type":"article","og_title":"TUDOR Pelagos LHD","og_description":"Descubra el Reloj TUDOR Pelagos LHD M25610TNL-0001 de material Acero y Disco de cer\u00e1mica negra mate, Brazalete de titanio en Casa Banchero","og_url":"https:\/\/casabanchero.com\/tudor\/tienda\/watches\/m25610tnl-0001\/","og_site_name":"CASA BANCHERO","article_publisher":"https:\/\/www.facebook.com\/CasaBancheroJoyeria\/","article_modified_time":"2026-04-20T23:51:07+00:00","og_image":[{"width":640,"height":800,"url":"https:\/\/casabanchero.com\/tudor\/tienda\/wp-content\/uploads\/2023\/08\/front-white-M25610TNL-0001.jpg","type":"image\/jpeg"}],"twitter_card":"summary_large_image","twitter_misc":{"Precio":"&#36;6,400.00","Availability":"In stock"},"schema":{"@context":"https:\/\/schema.org","@graph":[{"@type":"WebPage","@id":"https:\/\/casabanchero.com\/tudor\/tienda\/watches\/m25610tnl-0001\/","url":"https:\/\/casabanchero.com\/tudor\/tienda\/watches\/m25610tnl-0001\/","name":"Reloj TUDOR Pelagos LHD M25610TNL-0001 - CASA BANCHERO","isPartOf":{"@id":"https:\/\/casabanchero.com\/tudor\/tienda\/#website"},"primaryImageOfPage":{"@id":"https:\/\/casabanchero.com\/tudor\/tienda\/watches\/m25610tnl-0001\/#primaryimage"},"image":{"@id":"https:\/\/casabanchero.com\/tudor\/tienda\/watches\/m25610tnl-0001\/#primaryimage"},"thumbnailUrl":"https:\/\/casabanchero.com\/tudor\/tienda\/wp-content\/uploads\/2023\/08\/front-white-M25610TNL-0001.jpg","datePublished":"2023-08-06T21:21:25+00:00","dateModified":"2026-04-20T23:51:07+00:00","description":"Descubra el Reloj TUDOR Pelagos LHD M25610TNL-0001 de material Acero y Disco de cer\u00e1mica negra mate, Brazalete de titanio en Casa Banchero","breadcrumb":{"@id":"https:\/\/casabanchero.com\/tudor\/tienda\/watches\/m25610tnl-0001\/#breadcrumb"},"inLanguage":"es","potentialAction":[{"@type":"ReadAction","target":["https:\/\/casabanchero.com\/tudor\/tienda\/watches\/m25610tnl-0001\/"]}]},{"@type":"ImageObject","inLanguage":"es","@id":"https:\/\/casabanchero.com\/tudor\/tienda\/watches\/m25610tnl-0001\/#primaryimage","url":"https:\/\/casabanchero.com\/tudor\/tienda\/wp-content\/uploads\/2023\/08\/front-white-M25610TNL-0001.jpg","contentUrl":"https:\/\/casabanchero.com\/tudor\/tienda\/wp-content\/uploads\/2023\/08\/front-white-M25610TNL-0001.jpg","width":640,"height":800},{"@type":"BreadcrumbList","@id":"https:\/\/casabanchero.com\/tudor\/tienda\/watches\/m25610tnl-0001\/#breadcrumb","itemListElement":[{"@type":"ListItem","position":1,"name":"Inicio","item":"https:\/\/casabanchero.com\/tudor\/tienda\/"},{"@type":"ListItem","position":2,"name":"Tienda","item":"https:\/\/casabanchero.com\/tudor\/tienda\/tienda\/"},{"@type":"ListItem","position":3,"name":"TUDOR Pelagos LHD"}]},{"@type":"WebSite","@id":"https:\/\/casabanchero.com\/tudor\/tienda\/#website","url":"https:\/\/casabanchero.com\/tudor\/tienda\/","name":"CASA BANCEHRO","description":"","publisher":{"@id":"https:\/\/casabanchero.com\/tudor\/tienda\/#organization"},"potentialAction":[{"@type":"SearchAction","target":{"@type":"EntryPoint","urlTemplate":"https:\/\/casabanchero.com\/tudor\/tienda\/?s={search_term_string}"},"query-input":{"@type":"PropertyValueSpecification","valueRequired":true,"valueName":"search_term_string"}}],"inLanguage":"es"},{"@type":"Organization","@id":"https:\/\/casabanchero.com\/tudor\/tienda\/#organization","name":"CASA BANCEHRO","url":"https:\/\/casabanchero.com\/tudor\/tienda\/","logo":{"@type":"ImageObject","inLanguage":"es","@id":"https:\/\/casabanchero.com\/tudor\/tienda\/#\/schema\/logo\/image\/","url":"https:\/\/casabanchero.com\/tudor\/tienda\/wp-content\/uploads\/2023\/03\/casa-banchero-logo.svg","contentUrl":"https:\/\/casabanchero.com\/tudor\/tienda\/wp-content\/uploads\/2023\/03\/casa-banchero-logo.svg","width":239,"height":67,"caption":"CASA BANCEHRO"},"image":{"@id":"https:\/\/casabanchero.com\/tudor\/tienda\/#\/schema\/logo\/image\/"},"sameAs":["https:\/\/www.facebook.com\/CasaBancheroJoyeria\/","https:\/\/www.instagram.com\/casabanchero\/"]}]},"product_brand":"Tudor","product_price_amount":"6400.00","product_price_currency":"USD","og_availability":"instock","product_availability":"instock","product_retailer_item_id":"M25610TNL-0001","product_condition":"new"},"_links":{"self":[{"href":"https:\/\/casabanchero.com\/tudor\/tienda\/wp-json\/wp\/v2\/product\/366","targetHints":{"allow":["GET"]}}],"collection":[{"href":"https:\/\/casabanchero.com\/tudor\/tienda\/wp-json\/wp\/v2\/product"}],"about":[{"href":"https:\/\/casabanchero.com\/tudor\/tienda\/wp-json\/wp\/v2\/types\/product"}],"replies":[{"embeddable":true,"href":"https:\/\/casabanchero.com\/tudor\/tienda\/wp-json\/wp\/v2\/comments?post=366"}],"wp:featuredmedia":[{"embeddable":true,"href":"https:\/\/casabanchero.com\/tudor\/tienda\/wp-json\/wp\/v2\/media\/352"}],"wp:attachment":[{"href":"https:\/\/casabanchero.com\/tudor\/tienda\/wp-json\/wp\/v2\/media?parent=366"}],"wp:term":[{"taxonomy":"product_brand","embeddable":true,"href":"https:\/\/casabanchero.com\/tudor\/tienda\/wp-json\/wp\/v2\/product_brand?post=366"},{"taxonomy":"product_cat","embeddable":true,"href":"https:\/\/casabanchero.com\/tudor\/tienda\/wp-json\/wp\/v2\/product_cat?post=366"},{"taxonomy":"product_tag","embeddable":true,"href":"https:\/\/casabanchero.com\/tudor\/tienda\/wp-json\/wp\/v2\/product_tag?post=366"}],"curies":[{"name":"wp","href":"https:\/\/api.w.org\/{rel}","templated":true}]}}