{"id":47,"date":"2023-03-13T05:35:42","date_gmt":"2023-03-13T05:35:42","guid":{"rendered":"https:\/\/casabanchero.com\/tudor\/tienda\/watches\/tudor-black-bay-pro\/"},"modified":"2026-04-20T17:48:20","modified_gmt":"2026-04-20T23:48:20","slug":"m79470-0001","status":"publish","type":"product","link":"https:\/\/casabanchero.com\/tudor\/tienda\/watches\/m79470-0001\/","title":{"rendered":"TUDOR Black Bay Pro"},"content":{"rendered":"<div class=\"row\"  id=\"row-644873169\">\n\n\t<div id=\"col-2062755104\" class=\"col medium-12 small-12 large-6\"  >\n\t\t\t\t<div class=\"col-inner\"  >\n\t\t\t\n\t\t\t\n<p class=\"uppercase mb-2\"><strong>TUDOR Black Bay Pro<\/strong><\/p>\n<p class=\"description-tudor-section-two\">REF: M79470-0001<\/p>\n\t<div id=\"gap-666696154\" class=\"gap-element clearfix\" style=\"display:block; height:auto;\">\n\t\t\n<style>\n#gap-666696154 {\n  padding-top: 20px;\n}\n<\/style>\n\t<\/div>\n\t\n<p class=\"uppercase mb-2\"><strong>Funciones<\/strong><\/p>\n<p class=\"description-tudor-section-two\">Tudor Caja de acero de 39 mm, Brazalete de acero con remaches, Caja de acero 39 mm, acabado pulido y satinado, Bisel fijo graduado 24 horas en acero satinado, Calibre de Manufactura MT5652 (COSC) Movimiento mec\u00e1nico de cuerda autom\u00e1tica con rotor bidireccional Ingenier\u00eda exclusiva, Negra, abombada, Corona a rosca de acero con la rosa de TUDOR en relieve, Cristal de zafiro abombado, Herm\u00e9tico hasta 200 m, Brazalete de acero con remaches con acabado pulido y satinado y cierre en TUDOR \u00abT\u2011fit\u00bb con ajuste r\u00e1pido<\/p>\n\t<div id=\"gap-505336029\" class=\"gap-element clearfix\" style=\"display:block; height:auto;\">\n\t\t\n<style>\n#gap-505336029 {\n  padding-top: 10px;\n}\n<\/style>\n\t<\/div>\n\t\n<div class=\"text-center\"><div class=\"is-divider divider clearfix\" style=\"max-width:100%;height:7px;\"><\/div><\/div>\n\t<div id=\"gap-1708827513\" class=\"gap-element clearfix\" style=\"display:block; height:auto;\">\n\t\t\n<style>\n#gap-1708827513 {\n  padding-top: 10px;\n}\n<\/style>\n\t<\/div>\n\t\n<div class=\"row row-small divisor-caracteristicas\"  id=\"row-1153730891\">\n\n\t<div id=\"col-2033665751\" class=\"col py-2 medium-6 small-12 large-6\"  >\n\t\t\t\t<div class=\"col-inner\"  >\n\t\t\t\n\t\t\t\n\n\t\t<div class=\"icon-box featured-box icon-box-left text-left\"  >\n\t\t\t\t\t<div class=\"icon-box-img\" style=\"width: 30px\">\n\t\t\t\t<div class=\"icon\">\n\t\t\t\t\t<div class=\"icon-inner\" >\n\t\t\t\t\t\t<img loading=\"lazy\" decoding=\"async\" width=\"299\" height=\"300\" src=\"https:\/\/casabanchero.com\/tudor\/tienda\/wp-content\/uploads\/2023\/03\/icon-tudor_marca.png\" class=\"attachment-medium size-medium\" alt=\"\" srcset=\"https:\/\/casabanchero.com\/tudor\/tienda\/wp-content\/uploads\/2023\/03\/icon-tudor_marca.png 300w, https:\/\/casabanchero.com\/tudor\/tienda\/wp-content\/uploads\/2023\/03\/icon-tudor_marca-150x150.png 150w, https:\/\/casabanchero.com\/tudor\/tienda\/wp-content\/uploads\/2023\/03\/icon-tudor_marca-100x100.png 100w\" sizes=\"auto, (max-width: 299px) 100vw, 299px\" \/>\t\t\t\t\t<\/div>\n\t\t\t\t<\/div>\n\t\t\t<\/div>\n\t\t\t\t<div class=\"icon-box-text last-reset\">\n\t\t\t\t\t\t\t\t\t\n<p class=\"uppercase my-2 description-tudor-section-two\">marca: tudor<\/p>\n\t\t<\/div>\n\t<\/div>\n\t\n\t\n\t\t<\/div>\n\t\t\t\t\t<\/div>\n\n\t\n\n\t<div id=\"col-1061466433\" class=\"col py-2 medium-6 small-12 large-6\"  >\n\t\t\t\t<div class=\"col-inner\"  >\n\t\t\t\n\t\t\t\n\n\t\t<div class=\"icon-box featured-box icon-box-left text-left\"  >\n\t\t\t\t\t<div class=\"icon-box-img\" style=\"width: 30px\">\n\t\t\t\t<div class=\"icon\">\n\t\t\t\t\t<div class=\"icon-inner\" >\n\t\t\t\t\t\t<img loading=\"lazy\" decoding=\"async\" width=\"300\" height=\"300\" src=\"https:\/\/casabanchero.com\/tudor\/tienda\/wp-content\/uploads\/2023\/03\/icon-tudor_coleccion-tudor.png\" class=\"attachment-medium size-medium\" alt=\"\" srcset=\"https:\/\/casabanchero.com\/tudor\/tienda\/wp-content\/uploads\/2023\/03\/icon-tudor_coleccion-tudor.png 301w, https:\/\/casabanchero.com\/tudor\/tienda\/wp-content\/uploads\/2023\/03\/icon-tudor_coleccion-tudor-150x150.png 150w, https:\/\/casabanchero.com\/tudor\/tienda\/wp-content\/uploads\/2023\/03\/icon-tudor_coleccion-tudor-100x100.png 100w\" sizes=\"auto, (max-width: 300px) 100vw, 300px\" \/>\t\t\t\t\t<\/div>\n\t\t\t\t<\/div>\n\t\t\t<\/div>\n\t\t\t\t<div class=\"icon-box-text last-reset\">\n\t\t\t\t\t\t\t\t\t\n<p class=\"uppercase my-2 description-tudor-section-two\">colecci\u00f3n: Black Bay Pro<\/p>\n\t\t<\/div>\n\t<\/div>\n\t\n\t\n\t\t<\/div>\n\t\t\t\t\t<\/div>\n\n\t\n<\/div>\n<div class=\"row row-small divisor-caracteristicas\"  id=\"row-1619447775\">\n\n\t<div id=\"col-1988072990\" class=\"col py-2 medium-6 small-12 large-6\"  >\n\t\t\t\t<div class=\"col-inner\"  >\n\t\t\t\n\t\t\t\n\n\t\t<div class=\"icon-box featured-box icon-box-left text-left\"  >\n\t\t\t\t\t<div class=\"icon-box-img\" style=\"width: 30px\">\n\t\t\t\t<div class=\"icon\">\n\t\t\t\t\t<div class=\"icon-inner\" >\n\t\t\t\t\t\t<img loading=\"lazy\" decoding=\"async\" width=\"299\" height=\"300\" src=\"https:\/\/casabanchero.com\/tudor\/tienda\/wp-content\/uploads\/2023\/03\/icon-tudor_diametro.png\" class=\"attachment-medium size-medium\" alt=\"\" srcset=\"https:\/\/casabanchero.com\/tudor\/tienda\/wp-content\/uploads\/2023\/03\/icon-tudor_diametro.png 300w, https:\/\/casabanchero.com\/tudor\/tienda\/wp-content\/uploads\/2023\/03\/icon-tudor_diametro-150x150.png 150w, https:\/\/casabanchero.com\/tudor\/tienda\/wp-content\/uploads\/2023\/03\/icon-tudor_diametro-100x100.png 100w\" sizes=\"auto, (max-width: 299px) 100vw, 299px\" \/>\t\t\t\t\t<\/div>\n\t\t\t\t<\/div>\n\t\t\t<\/div>\n\t\t\t\t<div class=\"icon-box-text last-reset\">\n\t\t\t\t\t\t\t\t\t\n<p class=\"uppercase my-2 description-tudor-section-two\">di\u00e1metro: 39 mm<\/p>\n\t\t<\/div>\n\t<\/div>\n\t\n\t\n\t\t<\/div>\n\t\t\t\t\t<\/div>\n\n\t\n\n\t<div id=\"col-224375188\" class=\"col py-2 medium-6 small-12 large-6\"  >\n\t\t\t\t<div class=\"col-inner\"  >\n\t\t\t\n\t\t\t\n\n\t\t<div class=\"icon-box featured-box icon-box-left text-left\"  >\n\t\t\t\t\t<div class=\"icon-box-img\" style=\"width: 30px\">\n\t\t\t\t<div class=\"icon\">\n\t\t\t\t\t<div class=\"icon-inner\" >\n\t\t\t\t\t\t<img loading=\"lazy\" decoding=\"async\" width=\"299\" height=\"300\" src=\"https:\/\/casabanchero.com\/tudor\/tienda\/wp-content\/uploads\/2023\/03\/icon-tudor_movimiento.png\" class=\"attachment-medium size-medium\" alt=\"\" srcset=\"https:\/\/casabanchero.com\/tudor\/tienda\/wp-content\/uploads\/2023\/03\/icon-tudor_movimiento.png 300w, https:\/\/casabanchero.com\/tudor\/tienda\/wp-content\/uploads\/2023\/03\/icon-tudor_movimiento-150x150.png 150w, https:\/\/casabanchero.com\/tudor\/tienda\/wp-content\/uploads\/2023\/03\/icon-tudor_movimiento-100x100.png 100w\" sizes=\"auto, (max-width: 299px) 100vw, 299px\" \/>\t\t\t\t\t<\/div>\n\t\t\t\t<\/div>\n\t\t\t<\/div>\n\t\t\t\t<div class=\"icon-box-text last-reset\">\n\t\t\t\t\t\t\t\t\t\n<p class=\"uppercase my-2 description-tudor-section-two\">movimiento: Calibre de Manufactura MT5652 (COSC) Movimiento mec\u00e1nico de cuerda autom\u00e1tica con rotor bidireccional Ingenier\u00eda exclusivaHerm\u00e9tico hasta 200 m<\/p>\n\t\t<\/div>\n\t<\/div>\n\t\n\t\n\t\t<\/div>\n\t\t\t\t\t<\/div>\n\n\t\n<\/div>\n<div class=\"row row-small divisor-caracteristicas\"  id=\"row-1442881927\">\n\n\t<div id=\"col-1953134529\" class=\"col py-2 medium-6 small-12 large-6\"  >\n\t\t\t\t<div class=\"col-inner\"  >\n\t\t\t\n\t\t\t\n\n\t\t<div class=\"icon-box featured-box icon-box-left text-left\"  >\n\t\t\t\t\t<div class=\"icon-box-img\" style=\"width: 30px\">\n\t\t\t\t<div class=\"icon\">\n\t\t\t\t\t<div class=\"icon-inner\" >\n\t\t\t\t\t\t<img loading=\"lazy\" decoding=\"async\" width=\"299\" height=\"300\" src=\"https:\/\/casabanchero.com\/tudor\/tienda\/wp-content\/uploads\/2023\/03\/icon-tudor_hermeticidad.png\" class=\"attachment-medium size-medium\" alt=\"\" srcset=\"https:\/\/casabanchero.com\/tudor\/tienda\/wp-content\/uploads\/2023\/03\/icon-tudor_hermeticidad.png 300w, https:\/\/casabanchero.com\/tudor\/tienda\/wp-content\/uploads\/2023\/03\/icon-tudor_hermeticidad-150x150.png 150w, https:\/\/casabanchero.com\/tudor\/tienda\/wp-content\/uploads\/2023\/03\/icon-tudor_hermeticidad-100x100.png 100w\" sizes=\"auto, (max-width: 299px) 100vw, 299px\" \/>\t\t\t\t\t<\/div>\n\t\t\t\t<\/div>\n\t\t\t<\/div>\n\t\t\t\t<div class=\"icon-box-text last-reset\">\n\t\t\t\t\t\t\t\t\t\n<p class=\"uppercase my-2 description-tudor-section-two\">resistencia al agua: Herm\u00e9tico hasta 200 m<\/p>\n\t\t<\/div>\n\t<\/div>\n\t\n\t\n\t\t<\/div>\n\t\t\t\t\t<\/div>\n\n\t\n\n\t<div id=\"col-1119882696\" class=\"col py-2 medium-6 small-12 large-6\"  >\n\t\t\t\t<div class=\"col-inner\"  >\n\t\t\t\n\t\t\t\n\n\t\t<div class=\"icon-box featured-box icon-box-left text-left\"  >\n\t\t\t\t\t<div class=\"icon-box-img\" style=\"width: 30px\">\n\t\t\t\t<div class=\"icon\">\n\t\t\t\t\t<div class=\"icon-inner\" >\n\t\t\t\t\t\t<img loading=\"lazy\" decoding=\"async\" width=\"299\" height=\"300\" src=\"https:\/\/casabanchero.com\/tudor\/tienda\/wp-content\/uploads\/2023\/03\/icon-tudor_material.png\" class=\"attachment-medium size-medium\" alt=\"\" srcset=\"https:\/\/casabanchero.com\/tudor\/tienda\/wp-content\/uploads\/2023\/03\/icon-tudor_material.png 300w, https:\/\/casabanchero.com\/tudor\/tienda\/wp-content\/uploads\/2023\/03\/icon-tudor_material-150x150.png 150w, https:\/\/casabanchero.com\/tudor\/tienda\/wp-content\/uploads\/2023\/03\/icon-tudor_material-100x100.png 100w\" sizes=\"auto, (max-width: 299px) 100vw, 299px\" \/>\t\t\t\t\t<\/div>\n\t\t\t\t<\/div>\n\t\t\t<\/div>\n\t\t\t\t<div class=\"icon-box-text last-reset\">\n\t\t\t\t\t\t\t\t\t\n<p class=\"uppercase my-2 description-tudor-section-two\">material: Acero<\/p>\n\t\t<\/div>\n\t<\/div>\n\t\n\t\n\t\t<\/div>\n\t\t\t\t\t<\/div>\n\n\t\n<\/div>\n<div class=\"row row-small divisor-caracteristicas\"  id=\"row-1463618092\">\n\n\t<div id=\"col-255960261\" class=\"col py-2 medium-6 small-12 large-6\"  >\n\t\t\t\t<div class=\"col-inner\"  >\n\t\t\t\n\t\t\t\n\n\t\t<div class=\"icon-box featured-box icon-box-left text-left\"  >\n\t\t\t\t\t<div class=\"icon-box-img\" style=\"width: 30px\">\n\t\t\t\t<div class=\"icon\">\n\t\t\t\t\t<div class=\"icon-inner\" >\n\t\t\t\t\t\t<img loading=\"lazy\" decoding=\"async\" width=\"299\" height=\"300\" src=\"https:\/\/casabanchero.com\/tudor\/tienda\/wp-content\/uploads\/2023\/03\/icon-tudor_cristal.png\" class=\"attachment-medium size-medium\" alt=\"\" srcset=\"https:\/\/casabanchero.com\/tudor\/tienda\/wp-content\/uploads\/2023\/03\/icon-tudor_cristal.png 300w, https:\/\/casabanchero.com\/tudor\/tienda\/wp-content\/uploads\/2023\/03\/icon-tudor_cristal-150x150.png 150w, https:\/\/casabanchero.com\/tudor\/tienda\/wp-content\/uploads\/2023\/03\/icon-tudor_cristal-100x100.png 100w\" sizes=\"auto, (max-width: 299px) 100vw, 299px\" \/>\t\t\t\t\t<\/div>\n\t\t\t\t<\/div>\n\t\t\t<\/div>\n\t\t\t\t<div class=\"icon-box-text last-reset\">\n\t\t\t\t\t\t\t\t\t\n<p class=\"uppercase my-2 description-tudor-section-two\">cristal: Cristal de zafiro abombado<\/p>\n\t\t<\/div>\n\t<\/div>\n\t\n\t\n\t\t<\/div>\n\t\t\t\t\t<\/div>\n\n\t\n\n\t<div id=\"col-2018260920\" class=\"col py-2 medium-6 small-12 large-6\"  >\n\t\t\t\t<div class=\"col-inner\"  >\n\t\t\t\n\t\t\t\n\n\t\t<div class=\"icon-box featured-box icon-box-left text-left\"  >\n\t\t\t\t\t<div class=\"icon-box-img\" style=\"width: 30px\">\n\t\t\t\t<div class=\"icon\">\n\t\t\t\t\t<div class=\"icon-inner\" >\n\t\t\t\t\t\t<img loading=\"lazy\" decoding=\"async\" width=\"300\" height=\"300\" src=\"https:\/\/casabanchero.com\/tudor\/tienda\/wp-content\/uploads\/2023\/03\/icon-tudor_origen.png\" class=\"attachment-medium size-medium\" alt=\"\" srcset=\"https:\/\/casabanchero.com\/tudor\/tienda\/wp-content\/uploads\/2023\/03\/icon-tudor_origen.png 301w, https:\/\/casabanchero.com\/tudor\/tienda\/wp-content\/uploads\/2023\/03\/icon-tudor_origen-150x150.png 150w, https:\/\/casabanchero.com\/tudor\/tienda\/wp-content\/uploads\/2023\/03\/icon-tudor_origen-100x100.png 100w\" sizes=\"auto, (max-width: 300px) 100vw, 300px\" \/>\t\t\t\t\t<\/div>\n\t\t\t\t<\/div>\n\t\t\t<\/div>\n\t\t\t\t<div class=\"icon-box-text last-reset\">\n\t\t\t\t\t\t\t\t\t\n<p class=\"uppercase my-2 description-tudor-section-two\">origen: suiza<\/p>\n\t\t<\/div>\n\t<\/div>\n\t\n\t\n\t\t<\/div>\n\t\t\t\t\t<\/div>\n\n\t\n<\/div>\n\t\t<\/div>\n\t\t\t\t\t<\/div>\n\n\t\n\n\t<div id=\"col-1452120989\" class=\"col medium-12 small-12 large-6\"  >\n\t\t\t\t<div class=\"col-inner\"  >\n\t\t\t\n\t\t\t\n\t<div class=\"img has-hover x md-x lg-x y md-y lg-y\" id=\"image_1463971806\">\n\t\t\t\t\t\t\t\t<div class=\"img-inner dark\" >\n\t\t\t<img loading=\"lazy\" decoding=\"async\" width=\"640\" height=\"800\" src=\"https:\/\/casabanchero.com\/tudor\/tienda\/wp-content\/uploads\/2023\/03\/front-black-M79470-0001.jpg\" class=\"attachment-original size-original\" alt=\"\" srcset=\"https:\/\/casabanchero.com\/tudor\/tienda\/wp-content\/uploads\/2023\/03\/front-black-M79470-0001.jpg 640w, https:\/\/casabanchero.com\/tudor\/tienda\/wp-content\/uploads\/2023\/03\/front-black-M79470-0001-240x300.jpg 240w, https:\/\/casabanchero.com\/tudor\/tienda\/wp-content\/uploads\/2023\/03\/front-black-M79470-0001-600x750.jpg 600w\" sizes=\"auto, (max-width: 640px) 100vw, 640px\" \/>\t\t\t\t\t\t\n\t\t\t\t\t<\/div>\n\t\t\t\t\t\t\t\t\n<style>\n#image_1463971806 {\n  width: 100%;\n}\n<\/style>\n\t<\/div>\n\t\n\t\t<\/div>\n\t\t\t\t\t<\/div>\n\n\t\n<\/div>\n","protected":false},"excerpt":{"rendered":"<div class=\"product-title-container is-uppercase title-tudor-tempalteh1\">\n<p><span class=\"h1\"><strong>TUDOR<\/strong><\/span><\/p>\n<h1 class=\"description-tudor-section-two\"><span class=\"description-tudor-section-two\">TUDOR Black Bay Pro<\/span><span class=\"description-tudor-section-two\">M79470-0001<\/span><\/h1>\n<\/div>\n<p><a class=\"button primary\" href=\"#contacto\" target=\"_self\" rel=\"noopener\"> cont\u00e1ctanos <\/a><\/p>\n<p class=\"description-tudor-section-two\">El Black Bay Pro es un modelo completamente nuevo con funci\u00f3n de doble huso horario, una complicaci\u00f3n t\u00e9cnica que indica, la hora local, y la de otra zona horaria al mismo tiempo. Compacto, robusto y deportivo, este modelo cuenta con muchos detalles est\u00e9ticos exclusivos, y celebra el esp\u00edritu de los relojes t\u00e9cnicos que TUDOR ha fabricado para profesionales a lo largo de su historia. Reconocible por su bisel fijo graduado 24 horas satinado y su aguja \u00abSnowflake\u00bb amarilla 24 horas, el Black Bay Pro est\u00e1 provisto del Calibre de Manufactura TUDOR MT5652 con funci\u00f3n GMT integrada.<\/p>\n","protected":false},"featured_media":44,"comment_status":"closed","ping_status":"closed","template":"","meta":{"inline_featured_image":false},"product_brand":[],"product_cat":[16],"product_tag":[],"class_list":{"0":"post-47","1":"product","2":"type-product","3":"status-publish","4":"has-post-thumbnail","6":"product_cat-tudor","8":"first","9":"instock","10":"shipping-taxable","11":"purchasable","12":"product-type-simple"},"yoast_head":"<!-- This site is optimized with the Yoast SEO Premium plugin v26.6 (Yoast SEO v27.2) - https:\/\/yoast.com\/product\/yoast-seo-premium-wordpress\/ -->\n<title>Reloj TUDOR Black Bay Pro M79470-0001 - CASA BANCHERO<\/title>\n<meta name=\"description\" content=\"Descubra el Reloj TUDOR Black Bay Pro M79470-0001 de material de Acero con Caja de acero de 39 mm, Brazalete de acero con remaches en Casa Banchero\" \/>\n<meta name=\"robots\" content=\"index, follow, max-snippet:-1, max-image-preview:large, max-video-preview:-1\" \/>\n<link rel=\"canonical\" href=\"https:\/\/casabanchero.com\/tudor\/tienda\/watches\/m79470-0001\/\" \/>\n<meta property=\"og:locale\" content=\"es_MX\" \/>\n<meta property=\"og:type\" content=\"article\" \/>\n<meta property=\"og:title\" content=\"TUDOR Black Bay Pro\" \/>\n<meta property=\"og:description\" content=\"Descubra el Reloj TUDOR Black Bay Pro M79470-0001 de material de Acero con Caja de acero de 39 mm, Brazalete de acero con remaches en Casa Banchero\" \/>\n<meta property=\"og:url\" content=\"https:\/\/casabanchero.com\/tudor\/tienda\/watches\/m79470-0001\/\" \/>\n<meta property=\"og:site_name\" content=\"CASA BANCHERO\" \/>\n<meta property=\"article:publisher\" content=\"https:\/\/www.facebook.com\/CasaBancheroJoyeria\/\" \/>\n<meta property=\"article:modified_time\" content=\"2026-04-20T23:48:20+00:00\" \/>\n<meta property=\"og:image\" content=\"https:\/\/casabanchero.com\/tudor\/tienda\/wp-content\/uploads\/2023\/03\/front-white-M79470-0001.jpg\" \/>\n\t<meta property=\"og:image:width\" content=\"640\" \/>\n\t<meta property=\"og:image:height\" content=\"800\" \/>\n\t<meta property=\"og:image:type\" content=\"image\/jpeg\" \/>\n<meta name=\"twitter:card\" content=\"summary_large_image\" \/>\n<meta name=\"twitter:label1\" content=\"Precio\" \/>\n\t<meta name=\"twitter:data1\" content=\"&#036;5,390.00\" \/>\n\t<meta name=\"twitter:label2\" content=\"Availability\" \/>\n\t<meta name=\"twitter:data2\" content=\"In stock\" \/>\n<script type=\"application\/ld+json\" class=\"yoast-schema-graph\">{\"@context\":\"https:\/\/schema.org\",\"@graph\":[{\"@type\":\"WebPage\",\"@id\":\"https:\/\/casabanchero.com\/tudor\/tienda\/watches\/m79470-0001\/\",\"url\":\"https:\/\/casabanchero.com\/tudor\/tienda\/watches\/m79470-0001\/\",\"name\":\"Reloj TUDOR Black Bay Pro M79470-0001 - CASA BANCHERO\",\"isPartOf\":{\"@id\":\"https:\/\/casabanchero.com\/tudor\/tienda\/#website\"},\"primaryImageOfPage\":{\"@id\":\"https:\/\/casabanchero.com\/tudor\/tienda\/watches\/m79470-0001\/#primaryimage\"},\"image\":{\"@id\":\"https:\/\/casabanchero.com\/tudor\/tienda\/watches\/m79470-0001\/#primaryimage\"},\"thumbnailUrl\":\"https:\/\/casabanchero.com\/tudor\/tienda\/wp-content\/uploads\/2023\/03\/front-white-M79470-0001.jpg\",\"datePublished\":\"2023-03-13T05:35:42+00:00\",\"dateModified\":\"2026-04-20T23:48:20+00:00\",\"description\":\"Descubra el Reloj TUDOR Black Bay Pro M79470-0001 de material de Acero con Caja de acero de 39 mm, Brazalete de acero con remaches en Casa Banchero\",\"breadcrumb\":{\"@id\":\"https:\/\/casabanchero.com\/tudor\/tienda\/watches\/m79470-0001\/#breadcrumb\"},\"inLanguage\":\"es\",\"potentialAction\":[{\"@type\":\"ReadAction\",\"target\":[\"https:\/\/casabanchero.com\/tudor\/tienda\/watches\/m79470-0001\/\"]}]},{\"@type\":\"ImageObject\",\"inLanguage\":\"es\",\"@id\":\"https:\/\/casabanchero.com\/tudor\/tienda\/watches\/m79470-0001\/#primaryimage\",\"url\":\"https:\/\/casabanchero.com\/tudor\/tienda\/wp-content\/uploads\/2023\/03\/front-white-M79470-0001.jpg\",\"contentUrl\":\"https:\/\/casabanchero.com\/tudor\/tienda\/wp-content\/uploads\/2023\/03\/front-white-M79470-0001.jpg\",\"width\":640,\"height\":800},{\"@type\":\"BreadcrumbList\",\"@id\":\"https:\/\/casabanchero.com\/tudor\/tienda\/watches\/m79470-0001\/#breadcrumb\",\"itemListElement\":[{\"@type\":\"ListItem\",\"position\":1,\"name\":\"Inicio\",\"item\":\"https:\/\/casabanchero.com\/tudor\/tienda\/\"},{\"@type\":\"ListItem\",\"position\":2,\"name\":\"Tienda\",\"item\":\"https:\/\/casabanchero.com\/tudor\/tienda\/tienda\/\"},{\"@type\":\"ListItem\",\"position\":3,\"name\":\"TUDOR Black Bay Pro\"}]},{\"@type\":\"WebSite\",\"@id\":\"https:\/\/casabanchero.com\/tudor\/tienda\/#website\",\"url\":\"https:\/\/casabanchero.com\/tudor\/tienda\/\",\"name\":\"CASA BANCEHRO\",\"description\":\"\",\"publisher\":{\"@id\":\"https:\/\/casabanchero.com\/tudor\/tienda\/#organization\"},\"potentialAction\":[{\"@type\":\"SearchAction\",\"target\":{\"@type\":\"EntryPoint\",\"urlTemplate\":\"https:\/\/casabanchero.com\/tudor\/tienda\/?s={search_term_string}\"},\"query-input\":{\"@type\":\"PropertyValueSpecification\",\"valueRequired\":true,\"valueName\":\"search_term_string\"}}],\"inLanguage\":\"es\"},{\"@type\":\"Organization\",\"@id\":\"https:\/\/casabanchero.com\/tudor\/tienda\/#organization\",\"name\":\"CASA BANCEHRO\",\"url\":\"https:\/\/casabanchero.com\/tudor\/tienda\/\",\"logo\":{\"@type\":\"ImageObject\",\"inLanguage\":\"es\",\"@id\":\"https:\/\/casabanchero.com\/tudor\/tienda\/#\/schema\/logo\/image\/\",\"url\":\"https:\/\/casabanchero.com\/tudor\/tienda\/wp-content\/uploads\/2023\/03\/casa-banchero-logo.svg\",\"contentUrl\":\"https:\/\/casabanchero.com\/tudor\/tienda\/wp-content\/uploads\/2023\/03\/casa-banchero-logo.svg\",\"width\":239,\"height\":67,\"caption\":\"CASA BANCEHRO\"},\"image\":{\"@id\":\"https:\/\/casabanchero.com\/tudor\/tienda\/#\/schema\/logo\/image\/\"},\"sameAs\":[\"https:\/\/www.facebook.com\/CasaBancheroJoyeria\/\",\"https:\/\/www.instagram.com\/casabanchero\/\"]}]}<\/script>\n<meta property=\"product:brand\" content=\"Tudor\" \/>\n<meta property=\"product:price:amount\" content=\"5390.00\" \/>\n<meta property=\"product:price:currency\" content=\"USD\" \/>\n<meta property=\"og:availability\" content=\"instock\" \/>\n<meta property=\"product:availability\" content=\"instock\" \/>\n<meta property=\"product:retailer_item_id\" content=\"M79470-0001\" \/>\n<meta property=\"product:condition\" content=\"new\" \/>\n<!-- \/ Yoast SEO Premium plugin. -->","yoast_head_json":{"title":"Reloj TUDOR Black Bay Pro M79470-0001 - CASA BANCHERO","description":"Descubra el Reloj TUDOR Black Bay Pro M79470-0001 de material de Acero con Caja de acero de 39 mm, Brazalete de acero con remaches en Casa Banchero","robots":{"index":"index","follow":"follow","max-snippet":"max-snippet:-1","max-image-preview":"max-image-preview:large","max-video-preview":"max-video-preview:-1"},"canonical":"https:\/\/casabanchero.com\/tudor\/tienda\/watches\/m79470-0001\/","og_locale":"es_MX","og_type":"article","og_title":"TUDOR Black Bay Pro","og_description":"Descubra el Reloj TUDOR Black Bay Pro M79470-0001 de material de Acero con Caja de acero de 39 mm, Brazalete de acero con remaches en Casa Banchero","og_url":"https:\/\/casabanchero.com\/tudor\/tienda\/watches\/m79470-0001\/","og_site_name":"CASA BANCHERO","article_publisher":"https:\/\/www.facebook.com\/CasaBancheroJoyeria\/","article_modified_time":"2026-04-20T23:48:20+00:00","og_image":[{"width":640,"height":800,"url":"https:\/\/casabanchero.com\/tudor\/tienda\/wp-content\/uploads\/2023\/03\/front-white-M79470-0001.jpg","type":"image\/jpeg"}],"twitter_card":"summary_large_image","twitter_misc":{"Precio":"&#36;5,390.00","Availability":"In stock"},"schema":{"@context":"https:\/\/schema.org","@graph":[{"@type":"WebPage","@id":"https:\/\/casabanchero.com\/tudor\/tienda\/watches\/m79470-0001\/","url":"https:\/\/casabanchero.com\/tudor\/tienda\/watches\/m79470-0001\/","name":"Reloj TUDOR Black Bay Pro M79470-0001 - CASA BANCHERO","isPartOf":{"@id":"https:\/\/casabanchero.com\/tudor\/tienda\/#website"},"primaryImageOfPage":{"@id":"https:\/\/casabanchero.com\/tudor\/tienda\/watches\/m79470-0001\/#primaryimage"},"image":{"@id":"https:\/\/casabanchero.com\/tudor\/tienda\/watches\/m79470-0001\/#primaryimage"},"thumbnailUrl":"https:\/\/casabanchero.com\/tudor\/tienda\/wp-content\/uploads\/2023\/03\/front-white-M79470-0001.jpg","datePublished":"2023-03-13T05:35:42+00:00","dateModified":"2026-04-20T23:48:20+00:00","description":"Descubra el Reloj TUDOR Black Bay Pro M79470-0001 de material de Acero con Caja de acero de 39 mm, Brazalete de acero con remaches en Casa Banchero","breadcrumb":{"@id":"https:\/\/casabanchero.com\/tudor\/tienda\/watches\/m79470-0001\/#breadcrumb"},"inLanguage":"es","potentialAction":[{"@type":"ReadAction","target":["https:\/\/casabanchero.com\/tudor\/tienda\/watches\/m79470-0001\/"]}]},{"@type":"ImageObject","inLanguage":"es","@id":"https:\/\/casabanchero.com\/tudor\/tienda\/watches\/m79470-0001\/#primaryimage","url":"https:\/\/casabanchero.com\/tudor\/tienda\/wp-content\/uploads\/2023\/03\/front-white-M79470-0001.jpg","contentUrl":"https:\/\/casabanchero.com\/tudor\/tienda\/wp-content\/uploads\/2023\/03\/front-white-M79470-0001.jpg","width":640,"height":800},{"@type":"BreadcrumbList","@id":"https:\/\/casabanchero.com\/tudor\/tienda\/watches\/m79470-0001\/#breadcrumb","itemListElement":[{"@type":"ListItem","position":1,"name":"Inicio","item":"https:\/\/casabanchero.com\/tudor\/tienda\/"},{"@type":"ListItem","position":2,"name":"Tienda","item":"https:\/\/casabanchero.com\/tudor\/tienda\/tienda\/"},{"@type":"ListItem","position":3,"name":"TUDOR Black Bay Pro"}]},{"@type":"WebSite","@id":"https:\/\/casabanchero.com\/tudor\/tienda\/#website","url":"https:\/\/casabanchero.com\/tudor\/tienda\/","name":"CASA BANCEHRO","description":"","publisher":{"@id":"https:\/\/casabanchero.com\/tudor\/tienda\/#organization"},"potentialAction":[{"@type":"SearchAction","target":{"@type":"EntryPoint","urlTemplate":"https:\/\/casabanchero.com\/tudor\/tienda\/?s={search_term_string}"},"query-input":{"@type":"PropertyValueSpecification","valueRequired":true,"valueName":"search_term_string"}}],"inLanguage":"es"},{"@type":"Organization","@id":"https:\/\/casabanchero.com\/tudor\/tienda\/#organization","name":"CASA BANCEHRO","url":"https:\/\/casabanchero.com\/tudor\/tienda\/","logo":{"@type":"ImageObject","inLanguage":"es","@id":"https:\/\/casabanchero.com\/tudor\/tienda\/#\/schema\/logo\/image\/","url":"https:\/\/casabanchero.com\/tudor\/tienda\/wp-content\/uploads\/2023\/03\/casa-banchero-logo.svg","contentUrl":"https:\/\/casabanchero.com\/tudor\/tienda\/wp-content\/uploads\/2023\/03\/casa-banchero-logo.svg","width":239,"height":67,"caption":"CASA BANCEHRO"},"image":{"@id":"https:\/\/casabanchero.com\/tudor\/tienda\/#\/schema\/logo\/image\/"},"sameAs":["https:\/\/www.facebook.com\/CasaBancheroJoyeria\/","https:\/\/www.instagram.com\/casabanchero\/"]}]},"product_brand":"Tudor","product_price_amount":"5390.00","product_price_currency":"USD","og_availability":"instock","product_availability":"instock","product_retailer_item_id":"M79470-0001","product_condition":"new"},"_links":{"self":[{"href":"https:\/\/casabanchero.com\/tudor\/tienda\/wp-json\/wp\/v2\/product\/47","targetHints":{"allow":["GET"]}}],"collection":[{"href":"https:\/\/casabanchero.com\/tudor\/tienda\/wp-json\/wp\/v2\/product"}],"about":[{"href":"https:\/\/casabanchero.com\/tudor\/tienda\/wp-json\/wp\/v2\/types\/product"}],"replies":[{"embeddable":true,"href":"https:\/\/casabanchero.com\/tudor\/tienda\/wp-json\/wp\/v2\/comments?post=47"}],"wp:featuredmedia":[{"embeddable":true,"href":"https:\/\/casabanchero.com\/tudor\/tienda\/wp-json\/wp\/v2\/media\/44"}],"wp:attachment":[{"href":"https:\/\/casabanchero.com\/tudor\/tienda\/wp-json\/wp\/v2\/media?parent=47"}],"wp:term":[{"taxonomy":"product_brand","embeddable":true,"href":"https:\/\/casabanchero.com\/tudor\/tienda\/wp-json\/wp\/v2\/product_brand?post=47"},{"taxonomy":"product_cat","embeddable":true,"href":"https:\/\/casabanchero.com\/tudor\/tienda\/wp-json\/wp\/v2\/product_cat?post=47"},{"taxonomy":"product_tag","embeddable":true,"href":"https:\/\/casabanchero.com\/tudor\/tienda\/wp-json\/wp\/v2\/product_tag?post=47"}],"curies":[{"name":"wp","href":"https:\/\/api.w.org\/{rel}","templated":true}]}}